{"id":3673,"date":"2015-06-11T08:00:21","date_gmt":"2015-06-11T08:00:21","guid":{"rendered":"http:\/\/www.argus-eng.co.rs\/de\/kontakt\/"},"modified":"2025-03-01T20:29:20","modified_gmt":"2025-03-01T20:29:20","slug":"kontakt-2","status":"publish","type":"page","link":"https:\/\/www.argus-eng.co.rs\/de\/kontakt-2\/","title":{"rendered":"Kontakt"},"content":{"rendered":"<div class=\"wpb-content-wrapper\"><div  class=\"container\" ><div class=\"vc_row wpb_row vc_row-fluid margin-bottom-70\">[vc_column width=&#8220;1\/3&#8243; el_class=&#8220;sm-margin-bottom-50&#8243;]\n<div class=\"wpcf7 no-js\" id=\"wpcf7-f4447-o1\" lang=\"en-US\" dir=\"ltr\" data-wpcf7-id=\"4447\">\n<div class=\"screen-reader-response\"><p role=\"status\" aria-live=\"polite\" aria-atomic=\"true\"><\/p> <ul><\/ul><\/div>\n<form action=\"\/de\/wp-json\/wp\/v2\/pages\/3673#wpcf7-f4447-o1\" method=\"post\" class=\"wpcf7-form init\" aria-label=\"Contact form\" novalidate=\"novalidate\" data-status=\"init\">\n<fieldset class=\"hidden-fields-container\"><input type=\"hidden\" name=\"_wpcf7\" value=\"4447\" \/><input type=\"hidden\" name=\"_wpcf7_version\" value=\"6.1.2\" \/><input type=\"hidden\" name=\"_wpcf7_locale\" value=\"en_US\" \/><input type=\"hidden\" name=\"_wpcf7_unit_tag\" value=\"wpcf7-f4447-o1\" \/><input type=\"hidden\" name=\"_wpcf7_container_post\" value=\"0\" \/><input type=\"hidden\" name=\"_wpcf7_posted_data_hash\" value=\"\" \/>\n<\/fieldset>\n<p>Ime i prezime(obavezno)\n<\/p>\n<p><span class=\"wpcf7-form-control-wrap\" data-name=\"your-name\"><input size=\"40\" maxlength=\"400\" class=\"wpcf7-form-control wpcf7-text wpcf7-validates-as-required\" aria-required=\"true\" aria-invalid=\"false\" value=\"\" type=\"text\" name=\"your-name\" \/><\/span>\n<\/p>\n<p>E-mail (obavezno)\n<\/p>\n<p><span class=\"wpcf7-form-control-wrap\" data-name=\"your-email\"><input size=\"40\" maxlength=\"400\" class=\"wpcf7-form-control wpcf7-email wpcf7-validates-as-required wpcf7-text wpcf7-validates-as-email\" aria-required=\"true\" aria-invalid=\"false\" value=\"\" type=\"email\" name=\"your-email\" \/><\/span>\n<\/p>\n<p>Naslov\n<\/p>\n<p><span class=\"wpcf7-form-control-wrap\" data-name=\"your-subject\"><input size=\"40\" maxlength=\"400\" class=\"wpcf7-form-control wpcf7-text wpcf7-validates-as-required\" aria-required=\"true\" aria-invalid=\"false\" value=\"\" type=\"text\" name=\"your-subject\" \/><\/span>\n<\/p>\n<p>Poruka\n<\/p>\n<p><span class=\"wpcf7-form-control-wrap\" data-name=\"your-message\"><textarea cols=\"40\" rows=\"10\" maxlength=\"2000\" class=\"wpcf7-form-control wpcf7-textarea wpcf7-validates-as-required\" aria-required=\"true\" aria-invalid=\"false\" name=\"your-message\"><\/textarea><\/span>\n<\/p>\n<p><input class=\"wpcf7-form-control wpcf7-submit has-spinner\" type=\"submit\" value=\"Po\u0161alji\" \/>\n<\/p><div class=\"wpcf7-response-output\" aria-hidden=\"true\"><\/div>\n<\/form>\n<\/div>\n[vc_empty_space]            <div class=\"innovation-heading style2 \" >\n                                    <h2>Wo wir uns befinden?<\/h2>\n                                            <p>Wir sind in der Narodnog fronta Str. Nr. 73. Auf dem Stadtplan ist unsere Lage gekennzeichnet. Der einfachste Weg ist \u00fcber den Bulevar Oslobodjenja in Richtung der Br\u00fccke Sloboda, und dann biegen Sie vor der Br\u00fccke nach rechts ab, neben dem NIS-Geb\u00e4ude, danach fahren Sie \u00fcber die erste Ampel (beim Park), dann \u00fcber die zweite Ampel, und dahinter ist auf der linken Seite ein langes rot-wei\u00dfes Wohnhaus und gleich dahinter ist unser Geb\u00e4ude - das ATRIUM. Auf der hinteren Seite dieses Geb\u00e4udes, gleich hinter der Apotheke, befinden sich unsere Gesch\u00e4ftsr\u00e4ume.<\/p>\n                                                <\/div>\n            [\/vc_column][vc_column width=&#8220;1\/3&#8243;]            <div class=\"innovation-heading style3 margin-bottom-40\" >\n                                    <h2>Kontaktdaten<\/h2>\n                                            <p>Wenn Sie uns eine Frage stellen m\u00f6chten, uns einen Kommentar oder eine Suggestion mitteilen, k\u00f6nnen Sie uns per Mail, Kontaktformular oder telefonisch kontaktieren<\/p>\n                                                <\/div>\n            [vc_column_text el_class=&#8220;wpb_wrapper_contact&#8220;]<i class=\"fa fa-map-marker\"><\/i> Narodnog fronta 73, 21000 Novi Sad<br \/>\n<i class=\"fa fa-phone\"><\/i> +381 21 2100-103<br \/>\n<i class=\"fa fa-envelope-o\"><\/i> <a href=\"mailto:info@argus-eng.co.rs\">info@argus-eng.co.rs<\/a><br \/>\n<i class=\"fa fa-clock-o\"><\/i> Pon &#8211; Pet : 08:00 &#8211; 16:00[\/vc_column_text]<div  class=\"fullwidth\" ><div class=\"vc_row wpb_row vc_inner vc_row-fluid\">[vc_column_inner][vc_empty_space][\/vc_column_inner]<\/div><\/div><div  class=\"fullwidth\" ><div class=\"vc_row wpb_row vc_inner vc_row-fluid\">[vc_column_inner]            <div class=\"innovation-heading  no-margin-bottom\" >\n                                    <h2>Hallen und Stahlkonstruktionen<\/h2>\n                                                <\/div>\n            [vc_column_text]<i class=\"fa fa-user\"><\/i> <a title=\"mr Dragan Erdevik, dipl.in\u017e.ma\u0161 - detaljnije\" href=\"http:\/\/www.argus-eng.co.rs\/dragan-erdevik\/\">Mag. Dragan Erdevik, Diplom-Maschinenbauingenieur<\/a><\/p>\n<p>Gesch\u00e4ftsf\u00fchre<\/p>\n<p><i class=\"fa fa-envelope-o\"><\/i> <a href=\"mailto:erdevik@gmail.com\">erdevik@gmail.com<\/a>[\/vc_column_text][vc_separator align=&#8220;align_left&#8220; border_width=&#8220;2&#8243; el_width=&#8220;60&#8243; el_class=&#8220;margin-ss-10&#8243;][vc_column_text]<strong data-start=\"42\" data-end=\"87\">Aleksandar \u017divanovi\u0107, Dipl.-Ing. Bauwesen<\/strong><br data-start=\"87\" data-end=\"90\" \/>\u00a0+381 21 21-00-105<br data-start=\"110\" data-end=\"113\" data-is-only-node=\"\" \/>\u00a0+381 64 85-20-420<br data-start=\"133\" data-end=\"136\" \/><a href=\"mailto:objekti.argus@gmail.com\">objekti.argus@gmail.com<\/a>[\/vc_column_text][\/vc_column_inner]<\/div><\/div>[vc_empty_space]<div  class=\"fullwidth\" ><div class=\"vc_row wpb_row vc_inner vc_row-fluid\">[vc_column_inner]            <div class=\"innovation-heading  no-margin-bottom\" >\n                                    <h2>Administration<\/h2>\n                                                <\/div>\n            [vc_column_text]Daniela Milanovski, Bautechniker<\/p>\n<p>+381 21 468-391<br \/>\n+381 64 85 20 401<br \/>\n<a href=\"mailto:daniela@argus-eng.co.rs\">daniela@argus-eng.co.rs<\/a>[\/vc_column_text][vc_separator align=&#8220;align_left&#8220; border_width=&#8220;2&#8243; el_width=&#8220;60&#8243; el_class=&#8220;margin-ss-10&#8243;][vc_column_text]Lana Nenadovi\u0107, ecc.<br \/>\n<i class=\"fa fa-phone\"><\/i> +381 21 468-391<br \/>\n<a href=\"mailto:finansije@argus-eng.co.rs\">finansije@argus-eng.co.rs<\/a><\/p>\n<p>[\/vc_column_text][\/vc_column_inner]<\/div><\/div>[vc_empty_space]<div  class=\"fullwidth\" ><div class=\"vc_row wpb_row vc_inner vc_row-fluid\">[vc_column_inner]            <div class=\"innovation-heading  no-margin-bottom\" >\n                                    <h2>Logistik und Anschaffung<\/h2>\n                                                <\/div>\n            [vc_column_text]<i class=\"fa fa-user\"><\/i> Marko Erdevik<br \/>\n<i class=\"fa fa-phone\"><\/i> +381 21 840-160<br \/>\n<i class=\"fa fa-phone\"><\/i> +381 64 85-20-425[\/vc_column_text][\/vc_column_inner]<\/div><\/div>[\/vc_column][vc_column width=&#8220;1\/3&#8243;]<div  class=\"fullwidth\" ><div class=\"vc_row wpb_row vc_inner vc_row-fluid\">[vc_column_inner]            <div class=\"innovation-heading  no-margin-bottom\" >\n                                    <h2>Wohncontainer und -panele<\/h2>\n                                                <\/div>\n            [vc_column_text]Aleksandar \u017divanovi\u0107, Dipl.-Ing. Bauwesen<\/p>\n<p>+381 64 85-20-420<\/p>\n<p><i class=\"fa fa-envelope-o\"><\/i> <a href=\"mailto:objekti.argus@gmail.com\">objekti.argus@gmail.com<\/a>[\/vc_column_text][\/vc_column_inner]<\/div><\/div>[vc_empty_space]<div  class=\"fullwidth\" ><div class=\"vc_row wpb_row vc_inner vc_row-fluid\">[vc_column_inner][\/vc_column_inner]<\/div><\/div>[vc_empty_space]<div  class=\"fullwidth\" ><div class=\"vc_row wpb_row vc_inner vc_row-fluid\">[vc_column_inner]            <div class=\"innovation-heading  no-margin-bottom\" >\n                                    <h2>Produktionsleiter<\/h2>\n                                                <\/div>\n            [vc_column_text]<i class=\"fa fa-user\"><\/i> <a title=\"Gagi\u0107 \u017deljko. - detaljnije\" href=\"http:\/\/www.argus-eng.co.rs\/gagic-zeljko\/\">Gagi\u0107 \u017deljko<\/a><br \/>\n<i class=\"fa fa-phone\"><\/i> +381 64 85-20-423[\/vc_column_text][\/vc_column_inner]<\/div><\/div>[vc_empty_space]<div  class=\"fullwidth\" ><div class=\"vc_row wpb_row vc_inner vc_row-fluid\">[vc_column_inner]            <div class=\"innovation-heading  no-margin-bottom\" >\n                                    <h2>Kontrolle<\/h2>\n                                                <\/div>\n            [vc_column_text]<i class=\"fa fa-user\"><\/i> <a title=\"Dejan Erdevik - detaljnije\" href=\"http:\/\/www.argus-eng.co.rs\/dejan-erdevik\/\">Dejan Erdevik<\/a><br \/>\n<i class=\"fa fa-phone\"><\/i> +381 64 85-20-438[\/vc_column_text][\/vc_column_inner]<\/div><\/div>[\/vc_column]<\/div><\/div><div  class=\"container\" ><div class=\"vc_row wpb_row vc_row-fluid margin-bottom-70\">[vc_column][vc_gmaps link=&#8220;#E-8_JTNDaWZyYW1lJTIwc3JjJTNEJTIyaHR0cHMlM0ElMkYlMkZ3d3cuZ29vZ2xlLmNvbSUyRm1hcHMlMkZlbWJlZCUzRnBiJTNEJTIxMW0xOCUyMTFtMTIlMjExbTMlMjExZDI4MDkuNDgxODAxMjg4OTgyMyUyMTJkMTkuODI3OTgyMjE1MTE0NzEyJTIxM2Q0NS4yMzgwNDkxNzkwOTg5NCUyMTJtMyUyMTFmMCUyMTJmMCUyMTNmMCUyMTNtMiUyMTFpMTAyNCUyMTJpNzY4JTIxNGYxMy4xJTIxM20zJTIxMW0yJTIxMXMweDQ3NWIxMDE4ODNkMzBlNjUlMjUzQTB4NjFkZjgxZGRkNWQ1MzkxNCUyMTJ6MEozUXNOR0EwTDdRdE5DOTBMN1FzeURSaE5HQTBMN1F2ZEdDMExBZ056TXNJTkNkMEw3UXN0QzRJTkNoMExEUXRDQXlNVEV3TWclMjE1ZTAlMjEzbTIlMjExc3NyJTIxMnNycyUyMTR2MTQ0NTY1NjYwMjgwOCUyMiUyMHdpZHRoJTNEJTIyNjAwJTIyJTIwaGVpZ2h0JTNEJTIyNDUwJTIyJTIwZnJhbWVib3JkZXIlM0QlMjIwJTIyJTIwc3R5bGUlM0QlMjJib3JkZXIlM0EwJTIyJTIwYWxsb3dmdWxsc2NyZWVuJTNFJTNDJTJGaWZyYW1lJTNF&#8220; size=&#8220;390&#8243;][\/vc_column]<\/div><\/div>\n<\/div>","protected":false},"excerpt":{"rendered":"[vc_column width=\"1\/3\" el_class=\"sm-margin-bottom-50\"] Ime i prezime(obavezno) E-mail (obavezno) Naslov Poruka [vc_empty_space] Wo wir uns befinden? Wir sind in der Narodnog fronta Str. Nr. 73. Auf dem Stadtplan ist unsere Lage gekennzeichnet. Der einfachste Weg ist \u00fcber den Bulevar Oslobodjenja in Richtung der Br\u00fccke Sloboda, und dann biegen Sie vor der Br\u00fccke nach rechts ab, neben [...]","protected":false},"author":3,"featured_media":0,"parent":0,"menu_order":0,"comment_status":"closed","ping_status":"closed","template":"","meta":{"footnotes":""},"class_list":["post-3673","page","type-page","status-publish","hentry"],"_links":{"self":[{"href":"https:\/\/www.argus-eng.co.rs\/de\/wp-json\/wp\/v2\/pages\/3673","targetHints":{"allow":["GET"]}}],"collection":[{"href":"https:\/\/www.argus-eng.co.rs\/de\/wp-json\/wp\/v2\/pages"}],"about":[{"href":"https:\/\/www.argus-eng.co.rs\/de\/wp-json\/wp\/v2\/types\/page"}],"author":[{"embeddable":true,"href":"https:\/\/www.argus-eng.co.rs\/de\/wp-json\/wp\/v2\/users\/3"}],"replies":[{"embeddable":true,"href":"https:\/\/www.argus-eng.co.rs\/de\/wp-json\/wp\/v2\/comments?post=3673"}],"version-history":[{"count":0,"href":"https:\/\/www.argus-eng.co.rs\/de\/wp-json\/wp\/v2\/pages\/3673\/revisions"}],"wp:attachment":[{"href":"https:\/\/www.argus-eng.co.rs\/de\/wp-json\/wp\/v2\/media?parent=3673"}],"curies":[{"name":"wp","href":"https:\/\/api.w.org\/{rel}","templated":true}]}}