{"id":3834,"date":"2015-10-29T15:53:37","date_gmt":"2015-10-29T15:53:37","guid":{"rendered":"http:\/\/www.argus-eng.co.rs\/de\/gde-smo\/"},"modified":"2016-06-14T11:24:36","modified_gmt":"2016-06-14T11:24:36","slug":"wo-wir-uns-befinden","status":"publish","type":"page","link":"https:\/\/www.argus-eng.co.rs\/de\/wo-wir-uns-befinden\/","title":{"rendered":"Wo wir uns befinden?"},"content":{"rendered":"<div class=\"wpb-content-wrapper\"><div  class=\"fullwidth\" ><div class=\"vc_row wpb_row vc_row-fluid\">[vc_column width=&#8220;1\/1&#8243;]            <div class=\"innovation-heading style3 \" >\n                                    <h2>Wo wir uns befinden?<\/h2>\n                                            <p>Wir sind in der Narodnog fronta Str. Nr. 73. Auf dem Stadtplan ist unsere Lage gekennzeichnet. Der einfachste Weg ist \u00fcber den Bulevar Oslobodjenja in Richtung der Br\u00fccke Sloboda, und dann biegen Sie vor der Br\u00fccke nach rechts ab, neben dem NIS-Geb\u00e4ude, danach fahren Sie \u00fcber die erste Ampel (beim Park), dann \u00fcber die zweite Ampel, und dahinter ist auf der linken Seite ein langes rot-wei\u00dfes Wohnhaus und gleich dahinter ist unser Geb\u00e4ude - das ATRIUM. Auf der hinteren Seite dieses Geb\u00e4udes, gleich hinter der Apotheke, befinden sich unsere Gesch\u00e4ftsr\u00e4ume.<br \/>\n<\/p>\n                                                <\/div>\n            [vc_empty_space height=&#8220;32px&#8220;][vc_gmaps link=&#8220;#E-8_JTNDaWZyYW1lJTIwc3JjJTNEJTIyaHR0cHMlM0ElMkYlMkZ3d3cuZ29vZ2xlLmNvbSUyRm1hcHMlMkZlbWJlZCUzRnBiJTNEJTIxMW0xOCUyMTFtMTIlMjExbTMlMjExZDI4MDkuNDgxODAxMjg4OTgyMyUyMTJkMTkuODI3OTgyMjE1MTE0NzEyJTIxM2Q0NS4yMzgwNDkxNzkwOTg5NCUyMTJtMyUyMTFmMCUyMTJmMCUyMTNmMCUyMTNtMiUyMTFpMTAyNCUyMTJpNzY4JTIxNGYxMy4xJTIxM20zJTIxMW0yJTIxMXMweDQ3NWIxMDE4ODNkMzBlNjUlMjUzQTB4NjFkZjgxZGRkNWQ1MzkxNCUyMTJ6MEozUXNOR0EwTDdRdE5DOTBMN1FzeURSaE5HQTBMN1F2ZEdDMExBZ056TXNJTkNkMEw3UXN0QzRJTkNoMExEUXRDQXlNVEV3TWclMjE1ZTAlMjEzbTIlMjExc3NyJTIxMnNycyUyMTR2MTQ0NTY1NjYwMjgwOCUyMiUyMHdpZHRoJTNEJTIyNjAwJTIyJTIwaGVpZ2h0JTNEJTIyNDUwJTIyJTIwZnJhbWVib3JkZXIlM0QlMjIwJTIyJTIwc3R5bGUlM0QlMjJib3JkZXIlM0EwJTIyJTIwYWxsb3dmdWxsc2NyZWVuJTNFJTNDJTJGaWZyYW1lJTNF&#8220; size=&#8220;390&#8243;][vc_empty_space height=&#8220;32px&#8220;][vc_empty_space height=&#8220;32px&#8220;]<div  class=\"fullwidth\" ><div class=\"vc_row wpb_row vc_inner vc_row-fluid\">[vc_column_inner el_class=&#8220;&#8220; width=&#8220;1\/1&#8243;][vc_column_text]<\/p>\n<div class='fotorama--wp' data-ids='2539,2548,2540,2541,2542,2543,2544,2545,2546,2547'data-nav='thumbs'data-link='file'data-itemtag='dl'data-icontag='dt'data-captiontag='dd'data-columns='0'data-size='large'data-width='799'data-auto='false'data-max-width='100%'data-ratio='1.6012024048096'><div id='gallery-1' class='gallery galleryid-3834 gallery-columns-0 gallery-size-thumbnail'><dl class='gallery-item'>\n\t\t\t<dt class='gallery-icon landscape'>\n\t\t\t\t<a href='https:\/\/www.argus-eng.co.rs\/wp-content\/uploads\/2015\/10\/1.-Merkator-Nis.jpg' data-full='https:\/\/www.argus-eng.co.rs\/wp-content\/uploads\/2015\/10\/1.-Merkator-Nis.jpg' title=\"\" data-rl_title=\"\" class=\"rl-gallery-link\" data-rl_caption=\"\" data-rel=\"prettyphoto-gallery-1\"><img loading=\"lazy\" decoding=\"async\" width=\"150\" height=\"150\" src=\"https:\/\/www.argus-eng.co.rs\/wp-content\/uploads\/2015\/10\/1.-Merkator-Nis-150x150.jpg\" class=\"attachment-thumbnail size-thumbnail\" alt=\"\" \/><\/a>\n\t\t\t<\/dt><\/dl><dl class='gallery-item'>\n\t\t\t<dt class='gallery-icon landscape'>\n\t\t\t\t<a href='https:\/\/www.argus-eng.co.rs\/wp-content\/uploads\/2015\/10\/10.-Urbana.jpg' data-full='https:\/\/www.argus-eng.co.rs\/wp-content\/uploads\/2015\/10\/10.-Urbana.jpg' title=\"\" data-rl_title=\"\" class=\"rl-gallery-link\" data-rl_caption=\"\" data-rel=\"prettyphoto-gallery-1\"><img loading=\"lazy\" decoding=\"async\" width=\"150\" height=\"150\" src=\"https:\/\/www.argus-eng.co.rs\/wp-content\/uploads\/2015\/10\/10.-Urbana-150x150.jpg\" class=\"attachment-thumbnail size-thumbnail\" alt=\"\" \/><\/a>\n\t\t\t<\/dt><\/dl><dl class='gallery-item'>\n\t\t\t<dt class='gallery-icon landscape'>\n\t\t\t\t<a href='https:\/\/www.argus-eng.co.rs\/wp-content\/uploads\/2015\/10\/2.-Skretanje-desno-kod-mosta-Slobode.jpg' data-full='https:\/\/www.argus-eng.co.rs\/wp-content\/uploads\/2015\/10\/2.-Skretanje-desno-kod-mosta-Slobode.jpg' title=\"\" data-rl_title=\"\" class=\"rl-gallery-link\" data-rl_caption=\"\" data-rel=\"prettyphoto-gallery-1\"><img loading=\"lazy\" decoding=\"async\" width=\"150\" height=\"150\" src=\"https:\/\/www.argus-eng.co.rs\/wp-content\/uploads\/2015\/10\/2.-Skretanje-desno-kod-mosta-Slobode-150x150.jpg\" class=\"attachment-thumbnail size-thumbnail\" alt=\"\" \/><\/a>\n\t\t\t<\/dt><\/dl><dl class='gallery-item'>\n\t\t\t<dt class='gallery-icon landscape'>\n\t\t\t\t<a href='https:\/\/www.argus-eng.co.rs\/wp-content\/uploads\/2015\/10\/3.-Narodnog-fronta-Nisova-zgrada.jpg' data-full='https:\/\/www.argus-eng.co.rs\/wp-content\/uploads\/2015\/10\/3.-Narodnog-fronta-Nisova-zgrada.jpg' title=\"\" data-rl_title=\"\" class=\"rl-gallery-link\" data-rl_caption=\"\" data-rel=\"prettyphoto-gallery-1\"><img loading=\"lazy\" decoding=\"async\" width=\"150\" height=\"150\" src=\"https:\/\/www.argus-eng.co.rs\/wp-content\/uploads\/2015\/10\/3.-Narodnog-fronta-Nisova-zgrada-150x150.jpg\" class=\"attachment-thumbnail size-thumbnail\" alt=\"\" \/><\/a>\n\t\t\t<\/dt><\/dl><dl class='gallery-item'>\n\t\t\t<dt class='gallery-icon landscape'>\n\t\t\t\t<a href='https:\/\/www.argus-eng.co.rs\/wp-content\/uploads\/2015\/10\/4.-Raskrsnica-kod-Ideje.jpg' data-full='https:\/\/www.argus-eng.co.rs\/wp-content\/uploads\/2015\/10\/4.-Raskrsnica-kod-Ideje.jpg' title=\"\" data-rl_title=\"\" class=\"rl-gallery-link\" data-rl_caption=\"\" data-rel=\"prettyphoto-gallery-1\"><img loading=\"lazy\" decoding=\"async\" width=\"150\" height=\"150\" src=\"https:\/\/www.argus-eng.co.rs\/wp-content\/uploads\/2015\/10\/4.-Raskrsnica-kod-Ideje-150x150.jpg\" class=\"attachment-thumbnail size-thumbnail\" alt=\"\" \/><\/a>\n\t\t\t<\/dt><\/dl><dl class='gallery-item'>\n\t\t\t<dt class='gallery-icon landscape'>\n\t\t\t\t<a href='https:\/\/www.argus-eng.co.rs\/wp-content\/uploads\/2015\/10\/5.-Skretanje-levo-kod-Ideje.jpg' data-full='https:\/\/www.argus-eng.co.rs\/wp-content\/uploads\/2015\/10\/5.-Skretanje-levo-kod-Ideje.jpg' title=\"\" data-rl_title=\"\" class=\"rl-gallery-link\" data-rl_caption=\"\" data-rel=\"prettyphoto-gallery-1\"><img loading=\"lazy\" decoding=\"async\" width=\"150\" height=\"150\" src=\"https:\/\/www.argus-eng.co.rs\/wp-content\/uploads\/2015\/10\/5.-Skretanje-levo-kod-Ideje-150x150.jpg\" class=\"attachment-thumbnail size-thumbnail\" alt=\"\" \/><\/a>\n\t\t\t<\/dt><\/dl><dl class='gallery-item'>\n\t\t\t<dt class='gallery-icon landscape'>\n\t\t\t\t<a href='https:\/\/www.argus-eng.co.rs\/wp-content\/uploads\/2015\/10\/6.-Skretanje-desno-nakon-skretanja-kod-Ideje.jpg' data-full='https:\/\/www.argus-eng.co.rs\/wp-content\/uploads\/2015\/10\/6.-Skretanje-desno-nakon-skretanja-kod-Ideje.jpg' title=\"\" data-rl_title=\"\" class=\"rl-gallery-link\" data-rl_caption=\"\" data-rel=\"prettyphoto-gallery-1\"><img loading=\"lazy\" decoding=\"async\" width=\"150\" height=\"150\" src=\"https:\/\/www.argus-eng.co.rs\/wp-content\/uploads\/2015\/10\/6.-Skretanje-desno-nakon-skretanja-kod-Ideje-150x150.jpg\" class=\"attachment-thumbnail size-thumbnail\" alt=\"\" \/><\/a>\n\t\t\t<\/dt><\/dl><dl class='gallery-item'>\n\t\t\t<dt class='gallery-icon landscape'>\n\t\t\t\t<a href='https:\/\/www.argus-eng.co.rs\/wp-content\/uploads\/2015\/10\/7.-Kretanje-kroz-malu-ulicu-sa-zadnje-strane-Atriuma.jpg' data-full='https:\/\/www.argus-eng.co.rs\/wp-content\/uploads\/2015\/10\/7.-Kretanje-kroz-malu-ulicu-sa-zadnje-strane-Atriuma.jpg' title=\"\" data-rl_title=\"\" class=\"rl-gallery-link\" data-rl_caption=\"\" data-rel=\"prettyphoto-gallery-1\"><img loading=\"lazy\" decoding=\"async\" width=\"150\" height=\"150\" src=\"https:\/\/www.argus-eng.co.rs\/wp-content\/uploads\/2015\/10\/7.-Kretanje-kroz-malu-ulicu-sa-zadnje-strane-Atriuma-150x150.jpg\" class=\"attachment-thumbnail size-thumbnail\" alt=\"\" \/><\/a>\n\t\t\t<\/dt><\/dl><dl class='gallery-item'>\n\t\t\t<dt class='gallery-icon landscape'>\n\t\t\t\t<a href='https:\/\/www.argus-eng.co.rs\/wp-content\/uploads\/2015\/10\/8.-Iza-Atriuma.jpg' data-full='https:\/\/www.argus-eng.co.rs\/wp-content\/uploads\/2015\/10\/8.-Iza-Atriuma.jpg' title=\"\" data-rl_title=\"\" class=\"rl-gallery-link\" data-rl_caption=\"\" data-rel=\"prettyphoto-gallery-1\"><img loading=\"lazy\" decoding=\"async\" width=\"150\" height=\"150\" src=\"https:\/\/www.argus-eng.co.rs\/wp-content\/uploads\/2015\/10\/8.-Iza-Atriuma-150x150.jpg\" class=\"attachment-thumbnail size-thumbnail\" alt=\"\" \/><\/a>\n\t\t\t<\/dt><\/dl><dl class='gallery-item'>\n\t\t\t<dt class='gallery-icon landscape'>\n\t\t\t\t<a href='https:\/\/www.argus-eng.co.rs\/wp-content\/uploads\/2015\/10\/9.-Argus-biro.jpg' data-full='https:\/\/www.argus-eng.co.rs\/wp-content\/uploads\/2015\/10\/9.-Argus-biro.jpg' title=\"\" data-rl_title=\"\" class=\"rl-gallery-link\" data-rl_caption=\"\" data-rel=\"prettyphoto-gallery-1\"><img loading=\"lazy\" decoding=\"async\" width=\"150\" height=\"150\" src=\"https:\/\/www.argus-eng.co.rs\/wp-content\/uploads\/2015\/10\/9.-Argus-biro-150x150.jpg\" class=\"attachment-thumbnail size-thumbnail\" alt=\"\" \/><\/a>\n\t\t\t<\/dt><\/dl>\n\t\t<\/div>\n<\/div>\n<p>[\/vc_column_text][\/vc_column_inner]<\/div><\/div>[vc_empty_space height=&#8220;32px&#8220;][\/vc_column]<\/div><\/div>\n<\/div>","protected":false},"excerpt":{"rendered":"[vc_column width=\"1\/1\"] Wo wir uns befinden? Wir sind in der Narodnog fronta Str. Nr. 73. Auf dem Stadtplan ist unsere Lage gekennzeichnet. Der einfachste Weg ist \u00fcber den Bulevar Oslobodjenja in Richtung der Br\u00fccke Sloboda, und dann biegen Sie vor der Br\u00fccke nach rechts ab, neben dem NIS-Geb\u00e4ude, danach fahren Sie \u00fcber die erste Ampel [...]","protected":false},"author":3,"featured_media":0,"parent":0,"menu_order":0,"comment_status":"closed","ping_status":"closed","template":"","meta":{"footnotes":""},"class_list":["post-3834","page","type-page","status-publish","hentry"],"_links":{"self":[{"href":"https:\/\/www.argus-eng.co.rs\/de\/wp-json\/wp\/v2\/pages\/3834","targetHints":{"allow":["GET"]}}],"collection":[{"href":"https:\/\/www.argus-eng.co.rs\/de\/wp-json\/wp\/v2\/pages"}],"about":[{"href":"https:\/\/www.argus-eng.co.rs\/de\/wp-json\/wp\/v2\/types\/page"}],"author":[{"embeddable":true,"href":"https:\/\/www.argus-eng.co.rs\/de\/wp-json\/wp\/v2\/users\/3"}],"replies":[{"embeddable":true,"href":"https:\/\/www.argus-eng.co.rs\/de\/wp-json\/wp\/v2\/comments?post=3834"}],"version-history":[{"count":0,"href":"https:\/\/www.argus-eng.co.rs\/de\/wp-json\/wp\/v2\/pages\/3834\/revisions"}],"wp:attachment":[{"href":"https:\/\/www.argus-eng.co.rs\/de\/wp-json\/wp\/v2\/media?parent=3834"}],"curies":[{"name":"wp","href":"https:\/\/api.w.org\/{rel}","templated":true}]}}