{"id":3853,"date":"2015-10-22T20:24:06","date_gmt":"2015-10-22T20:24:06","guid":{"rendered":"http:\/\/www.argus-eng.co.rs\/de\/o-nama\/"},"modified":"2016-06-14T11:18:07","modified_gmt":"2016-06-14T11:18:07","slug":"ueber-uns","status":"publish","type":"page","link":"https:\/\/www.argus-eng.co.rs\/de\/ueber-uns\/","title":{"rendered":"\u00dcBER UNS"},"content":{"rendered":"<div class=\"wpb-content-wrapper\"><div  class=\"container\" ><div class=\"vc_row wpb_row vc_row-fluid\">[vc_column width=&#8220;5\/12&#8243; el_class=&#8220;sm-margin-bottom-50&#8243;][vc_single_image image=&#8220;5187&#8243; alignment=&#8220;center&#8220; border_color=&#8220;grey&#8220; img_link_large=&#8220;&#8220; img_link_target=&#8220;_self&#8220; img_size=&#8220;full&#8220;][\/vc_column][vc_column width=&#8220;7\/12&#8243;]            <div class=\"innovation-heading style3 margin-bottom-55\" >\n                                    <h2>ARGUS ENGINEERING d.o.o. <\/h2>\n                                            <p>ist eine Baufirma zur Fertigung und Montage von Stahlhallen f\u00fcr Industrieobjekte, Lagerhallen, Sporthallen und \u00e4hnliche Objekte. F\u00fcr den Bedarf der Industrie produzieren wir Plattformen, Br\u00fccken f\u00fcr Rohrleitungen und Tr\u00e4gerkonstruktionen f\u00fcr Maschinen, Transportsysteme und Lagerungssysteme.<br \/>\nWir arbeiten seit dem Jahre 2002 mit 15 bis 35 Arbeitern. In den letzten 4 Jahren haben wir eine Zusammenarbeit mit der Firma REHAU im Bereich PVC Fenster und T\u00fcren, und wir entwickeln ein besonderes Programm von Wohncontainern und Mini-Objekten f\u00fcr verschiedene Zwecke. Das Team wird gebildet von Ingenieuren des Maschinenbau- und Baufachs unter der Leitung von Mag. Diplom-Maschinebauingenieur Dragan Erdevik und qualifizierten Arbeitern - Schlossern, attestieren Schwei\u00dfern, Klempnern und Tischlern, die das Objekt herstellen, montieren und austatten, welches Sie sich vorgestellt haben.<\/p>\n                                                <\/div>\n            <div  class=\"fullwidth\" ><div class=\"vc_row wpb_row vc_inner vc_row-fluid list-style-bullet\">[vc_column_inner el_class=&#8220;&#8220; width=&#8220;1\/1&#8243;][vc_column_text]<\/p>\n<ul>\n<li>\n<h3><strong>Unser Prinzip ist: EIN VOLLST\u00c4NDIG FUNKTIONELLE EINHEIT DES OBJEKTS ZU BAUEN, welches noch erweitert werden kann.<\/strong><\/h3>\n<\/li>\n<\/ul>\n<p>[\/vc_column_text][\/vc_column_inner]<\/div><\/div>[\/vc_column]<\/div><\/div><div  class=\"fullwidth\" ><div class=\"vc_row wpb_row vc_row-fluid\">[vc_column width=&#8220;1\/1&#8243;][vc_empty_space height=&#8220;50px&#8220;][\/vc_column]<\/div><\/div><div  class=\"container\" ><div class=\"vc_row wpb_row vc_row-fluid\">[vc_column width=&#8220;1\/2&#8243;]            <div class=\"innovation-heading style3 \" >\n                                    <h2>LIZENZIERTE SOFTWARE<\/h2>\n                                            <p>Wir sind mit lizenzierter Projektierungssoftware ausgestattet, sowie mit dem kompletten Gesch\u00e4ftssystem der Firma EDOPS, dank welchem wir effektiv und im Sinne des ISO9001-Systems alle Prozesse in der Firma steuern, und auf diese Weise gew\u00e4hrleisten wir das Monitoring, die Instandhaltung und Verbesserung des Qualit\u00e4tssystems der Produkte.<br \/>\nWir bem\u00fchen uns, dass die Zufriedenheit unserer Kunden auf h\u00f6chstem Niveau ist, und dass Empfehlungen unser bestes Marketing sind. Weiterhin entwickeln wir vom Anfang der Zusammenarbeit die Beziehung zu unseren Kunden. F\u00fcr uns ist der Kunde unser wichtigster Mitarbeiter, und dank unseren edukativen Aktivit\u00e4ten erlangt der Kunde Kenntnisse auf dem entsprechenden Gebiet, so dass er seine Ideen verwirklichen kann, und zwar mit den zur Verf\u00fcgung stehenden und geplanten finanziellen Mitteln.<\/p>\n                                                <\/div>\n            [\/vc_column][vc_column width=&#8220;1\/2&#8243;]            <div class=\"innovation-heading style3 \" >\n                                    <h2>MARKETING-SUGGESTIONEN <\/h2>\n                                            <p> Wir achten besonders darauf, dass wir mit unseren Marketingsuggestionen den Kunden nicht dazu verleiten, ein Objekt zu beginnen, das au\u00dferhalb seiner finanziellen M\u00f6glichkeiten steht. Mit einem seri\u00f6sen Ansatz, der ein detailliert spezifiziertes Angebot sowie viele Ratschl\u00e4ge und Anpassungen vor der Bestimmung der entsprechenden L\u00f6sung beinhaltet, empfehlen wir dem Investor die L\u00f6sung, welche die funktionellen und \u00e4sthetischen Kriterien im Rahmen der verf\u00fcgbaren finanziellen Mittel vollst\u00e4ndig befriedigen wird.<br \/>\nDas was teuer ist, muss nicht das beste sein, aber das, was sehr billig ist, ist bestimmt nicht gut. Das richtige Ma\u00df zu finden, ist nicht leicht. Gestatten Sie uns, dass wir f\u00fcr Sie geduldig und sorgf\u00e4ltig ein funktionelles und dauerhaftes Objekt vorbereiten und bauen, dass wir Ihr Gesch\u00e4ftspartner werden, dass wir Ihre Entwicklung verfolgen und mit unseren funktionellen L\u00f6sungen an Ihrer Entwicklung im Laufe von vielen Jahren teilhaben.<\/p>\n                                                <\/div>\n            [\/vc_column]<\/div><\/div><div  class=\"fullwidth\" ><div class=\"vc_row wpb_row vc_row-fluid\">[vc_column width=&#8220;1\/1&#8243;][vc_empty_space height=&#8220;50px&#8220;][\/vc_column]<\/div><\/div><div  class=\"fullwidth\" ><div class=\"vc_row wpb_row vc_row-fluid margin-bottom-85 vc_custom_1433589269651\">[vc_column width=&#8220;1\/1&#8243;]<div  class=\"container\" ><div class=\"vc_row wpb_row vc_inner vc_row-fluid margin-top-60 margin-bottom-70\">[vc_column_inner width=&#8220;1\/1&#8243;]            <div class=\"innovation-heading style1 \" >\n                                     <h2>Ausf\u00fchrlicher \u00fcber uns --- Bilder der Produktion<\/h2>\n                            <\/div>\n            [vc_gallery type=&#8220;image_grid&#8220; interval=&#8220;3&#8243; images=&#8220;4921,4841,3640,3536,3591,3584,3065,2976,2938,2845,2766,2753,2736,2695,2689,2681,2692,2678,3641,3055,2697&#8243; onclick=&#8220;link_image&#8220; custom_links_target=&#8220;_self&#8220;][\/vc_column_inner]<\/div><\/div>[\/vc_column]<\/div><\/div><div  class=\"container\" ><div class=\"vc_row wpb_row vc_row-fluid vc_custom_1445548708246\">[vc_column width=&#8220;1\/1&#8243;]            <div class=\"innovation-heading style3 \" >\n                                    <h2>Sehen Sie sich unsere Pr\u00e4sentation an:<\/h2>\n                                                <\/div>\n            <div  class=\"fullwidth\" ><div class=\"vc_row wpb_row vc_inner vc_row-fluid\">[vc_column_inner el_class=&#8220;&#8220; width=&#8220;1\/3&#8243;]<br \/>\n[\/vc_column_inner][vc_column_inner el_class=&#8220;&#8220; width=&#8220;1\/3&#8243;][vc_video link=&#8220;https:\/\/www.youtube.com\/user\/Argusmodular&#8220;][\/vc_column_inner][vc_column_inner el_class=&#8220;&#8220; width=&#8220;1\/3&#8243;]<br \/>\n[\/vc_column_inner]<\/div><\/div>[\/vc_column]<\/div><\/div><div  class=\"fullwidth\" ><div class=\"vc_row wpb_row vc_row-fluid margin-bottom-85 vc_custom_1433589269651\">[vc_column width=&#8220;1\/1&#8243;]<div  class=\"container\" ><div class=\"vc_row wpb_row vc_inner vc_row-fluid margin-top-60 margin-bottom-70\">[vc_column_inner el_class=&#8220;&#8220; width=&#8220;1\/1&#8243;]            <div class=\"innovation-heading style1 \" >\n                                     <h2>Bilder von B\u00fcros <\/h2>\n                            <\/div>\n            [vc_gallery type=&#8220;image_grid&#8220; interval=&#8220;3&#8243; onclick=&#8220;link_image&#8220; custom_links_target=&#8220;_self&#8220; images=&#8220;2547,2548&#8243;][\/vc_column_inner]<\/div><\/div>[\/vc_column]<\/div><\/div>\n<\/div>","protected":false},"excerpt":{"rendered":"[vc_column width=\"5\/12\" el_class=\"sm-margin-bottom-50\"][vc_single_image image=\"5187\" alignment=\"center\" border_color=\"grey\" img_link_large=\"\" img_link_target=\"_self\" img_size=\"full\"][\/vc_column][vc_column width=\"7\/12\"] ARGUS ENGINEERING d.o.o. ist eine Baufirma zur Fertigung und Montage von Stahlhallen f\u00fcr Industrieobjekte, Lagerhallen, Sporthallen und \u00e4hnliche Objekte. F\u00fcr den Bedarf der Industrie produzieren wir Plattformen, Br\u00fccken f\u00fcr Rohrleitungen und Tr\u00e4gerkonstruktionen f\u00fcr Maschinen, Transportsysteme und Lagerungssysteme. Wir arbeiten seit dem Jahre 2002 mit 15 [...]","protected":false},"author":3,"featured_media":0,"parent":0,"menu_order":0,"comment_status":"closed","ping_status":"closed","template":"","meta":{"footnotes":""},"class_list":["post-3853","page","type-page","status-publish","hentry"],"_links":{"self":[{"href":"https:\/\/www.argus-eng.co.rs\/de\/wp-json\/wp\/v2\/pages\/3853","targetHints":{"allow":["GET"]}}],"collection":[{"href":"https:\/\/www.argus-eng.co.rs\/de\/wp-json\/wp\/v2\/pages"}],"about":[{"href":"https:\/\/www.argus-eng.co.rs\/de\/wp-json\/wp\/v2\/types\/page"}],"author":[{"embeddable":true,"href":"https:\/\/www.argus-eng.co.rs\/de\/wp-json\/wp\/v2\/users\/3"}],"replies":[{"embeddable":true,"href":"https:\/\/www.argus-eng.co.rs\/de\/wp-json\/wp\/v2\/comments?post=3853"}],"version-history":[{"count":0,"href":"https:\/\/www.argus-eng.co.rs\/de\/wp-json\/wp\/v2\/pages\/3853\/revisions"}],"wp:attachment":[{"href":"https:\/\/www.argus-eng.co.rs\/de\/wp-json\/wp\/v2\/media?parent=3853"}],"curies":[{"name":"wp","href":"https:\/\/api.w.org\/{rel}","templated":true}]}}