{"id":3857,"date":"2015-10-21T13:00:39","date_gmt":"2015-10-21T13:00:39","guid":{"rendered":"http:\/\/www.argus-eng.co.rs\/de\/proizvodi\/"},"modified":"2016-06-18T13:37:07","modified_gmt":"2016-06-18T13:37:07","slug":"produkte","status":"publish","type":"page","link":"https:\/\/www.argus-eng.co.rs\/de\/produkte\/","title":{"rendered":"Produkte"},"content":{"rendered":"<div class=\"wpb-content-wrapper\"><div  class=\"fullwidth\" ><div class=\"vc_row wpb_row vc_row-fluid\">[vc_column width=&#8220;1\/4&#8243;][vc_single_image image=&#8220;2522&#8243; border_color=&#8220;grey&#8220; img_link_large=&#8220;&#8220; img_link_target=&#8220;_self&#8220; title=&#8220;Montagehallen &#8220; img_size=&#8220;full&#8220; el_class=&#8220;argus-reference-main-heading&#8220; link=&#8220;http:\/\/www.argus-eng.co.rs\/de\/proizvodi\/montagehallen-und-konstruktionen\/&#8220;][vc_column_text el_class=&#8220;argus-reference-main-paragraph&#8220;]<\/p>\n<p>ARGUS ENGINEERING d.o.o.\u00a0ist eine Baufirma zur Fertigung und Montage von Stahlhallen f\u00fcr Industrieobjekte, Lagerhallen, Sporthallen und \u00e4hnliche Objekte. F\u00fcr den Bedarf der Industrie produzieren wir Plattformen, Br\u00fccken f\u00fcr Rohrleitungen und Tr\u00e4gerkonstruktionen f\u00fcr Maschinen, Transportsysteme und Lagerungssysteme.<\/p>\n<p>[\/vc_column_text][\/vc_column][vc_column width=&#8220;1\/4&#8243;][vc_single_image image=&#8220;2524&#8243; border_color=&#8220;grey&#8220; img_link_large=&#8220;&#8220; img_link_target=&#8220;_self&#8220; title=&#8220;Wohnmodule, Container&#8220; img_size=&#8220;full&#8220; el_class=&#8220;argus-reference-main-heading&#8220; link=&#8220;http:\/\/www.argus-eng.co.rs\/de\/proizvodi\/wohnmodule-container\/&#8220;][vc_column_text el_class=&#8220;argus-reference-main-paragraph&#8220;]Der billigste und schnellste Weg, um einen Gesch\u00e4ftsraum im Freien oder im Rahmen einer bestehenden Halle zu bauen, ist mit Hilfe von CONTAINER-MODULEN.<\/p>\n<p>[\/vc_column_text][\/vc_column][vc_column width=&#8220;1\/4&#8243;][vc_single_image image=&#8220;2527&#8243; border_color=&#8220;grey&#8220; img_link_large=&#8220;&#8220; img_link_target=&#8220;_self&#8220; title=&#8220;Mini -Objekte&#8220; img_size=&#8220;full&#8220; el_class=&#8220;argus-reference-main-heading&#8220; link=&#8220;http:\/\/www.argus-eng.co.rs\/de\/proizvodi\/mini-objekte\/&#8220;][vc_column_text el_class=&#8220;argus-reference-main-paragraph&#8220;]<\/p>\n<p>Portierh\u00e4uschen, Kioske und Waagenh\u00e4uschen sind kleine Objekte unter 10m2. Sie haben ein angenehmes und elegantes Aussehen und viel Licht im Raum.<\/p>\n<p>[\/vc_column_text][\/vc_column][vc_column width=&#8220;1\/4&#8243;][vc_single_image image=&#8220;3124&#8243; border_color=&#8220;grey&#8220; img_link_large=&#8220;&#8220; img_link_target=&#8220;_self&#8220; title=&#8220;Fenster und T\u00fcren&#8220; img_size=&#8220;full&#8220; el_class=&#8220;argus-reference-main-heading&#8220; link=&#8220;http:\/\/www.argus-eng.co.rs\/de\/proizvodi\/fenster-und-tueren\/&#8220;][vc_column_text el_class=&#8220;argus-reference-main-paragraph&#8220;]<\/p>\n<p>In vielen Geb\u00e4uden, die von nicht fachkundigen Baufirmen gebaut wurden, leiden die Einwohner wegen billigen Fenstern und T\u00fcren, welche nicht alle n\u00f6tigen Verst\u00e4rkungen haben. Bestellen Sie REHAU Fenster und T\u00fcren von guter Qualit\u00e4t, die noch Ihre Enkel benutzen werden. Wir sind ein zugelassener REHAU Partner und wir sind bereit, Ihnen eine dauernde L\u00f6sung anzubieten.<\/p>\n<p>[\/vc_column_text][\/vc_column]<\/div><\/div>\n<\/div>","protected":false},"excerpt":{"rendered":"[vc_column width=\"1\/4\"][vc_single_image image=\"2522\" border_color=\"grey\" img_link_large=\"\" img_link_target=\"_self\" title=\"Montagehallen \" img_size=\"full\" el_class=\"argus-reference-main-heading\" link=\"http:\/\/www.argus-eng.co.rs\/de\/proizvodi\/montagehallen-und-konstruktionen\/\"][vc_column_text el_class=\"argus-reference-main-paragraph\"] ARGUS ENGINEERING d.o.o.\u00a0ist eine Baufirma zur Fertigung und Montage von Stahlhallen f\u00fcr Industrieobjekte, Lagerhallen, Sporthallen und \u00e4hnliche Objekte. F\u00fcr den Bedarf der Industrie produzieren wir Plattformen, Br\u00fccken f\u00fcr Rohrleitungen und Tr\u00e4gerkonstruktionen f\u00fcr Maschinen, Transportsysteme und Lagerungssysteme. [\/vc_column_text][\/vc_column][vc_column width=\"1\/4\"][vc_single_image image=\"2524\" border_color=\"grey\" img_link_large=\"\" img_link_target=\"_self\" title=\"Wohnmodule, [...]","protected":false},"author":3,"featured_media":0,"parent":0,"menu_order":0,"comment_status":"closed","ping_status":"closed","template":"","meta":{"footnotes":""},"class_list":["post-3857","page","type-page","status-publish","hentry"],"_links":{"self":[{"href":"https:\/\/www.argus-eng.co.rs\/de\/wp-json\/wp\/v2\/pages\/3857","targetHints":{"allow":["GET"]}}],"collection":[{"href":"https:\/\/www.argus-eng.co.rs\/de\/wp-json\/wp\/v2\/pages"}],"about":[{"href":"https:\/\/www.argus-eng.co.rs\/de\/wp-json\/wp\/v2\/types\/page"}],"author":[{"embeddable":true,"href":"https:\/\/www.argus-eng.co.rs\/de\/wp-json\/wp\/v2\/users\/3"}],"replies":[{"embeddable":true,"href":"https:\/\/www.argus-eng.co.rs\/de\/wp-json\/wp\/v2\/comments?post=3857"}],"version-history":[{"count":0,"href":"https:\/\/www.argus-eng.co.rs\/de\/wp-json\/wp\/v2\/pages\/3857\/revisions"}],"wp:attachment":[{"href":"https:\/\/www.argus-eng.co.rs\/de\/wp-json\/wp\/v2\/media?parent=3857"}],"curies":[{"name":"wp","href":"https:\/\/api.w.org\/{rel}","templated":true}]}}