{"id":3860,"date":"2015-10-21T09:28:33","date_gmt":"2015-10-21T09:28:33","guid":{"rendered":"http:\/\/www.argus-eng.co.rs\/de\/reference-galerija\/"},"modified":"2016-06-18T16:06:38","modified_gmt":"2016-06-18T16:06:38","slug":"referenzen-galerie","status":"publish","type":"page","link":"https:\/\/www.argus-eng.co.rs\/de\/referenzen-galerie\/","title":{"rendered":"Referenzen \/ Galerie"},"content":{"rendered":"<div class=\"wpb-content-wrapper\"><div  class=\"fullwidth\" ><div class=\"vc_row wpb_row vc_row-fluid\">[vc_column width=&#8220;1\/4&#8243;][vc_single_image image=&#8220;3468&#8243; border_color=&#8220;grey&#8220; img_link_large=&#8220;&#8220; img_link_target=&#8220;_self&#8220; title=&#8220;Montagehallen&#8220; img_size=&#8220;medium&#8220; el_class=&#8220;argus-reference-main-heading&#8220; link=&#8220;http:\/\/www.argus-eng.co.rs\/de\/reference\/montagehallen-und-konstruktionen\/&#8220;][vc_column_text el_class=&#8220;argus-reference-main-paragraph&#8220;]<\/p>\n<p style=\"text-align: justify;\" align=\"JUSTIFY\">Jetzt sehen wir in allen gr\u00f6\u00dferen St\u00e4dten immer mehr Objekte, die im Montagesystem gebaut wurden, abgedeckt mit Sandwich-Panelen, Alubond, strukturellen und halbstrukturellen Aluminium-Glas-Fassaden.<\/p>\n<p>[\/vc_column_text][\/vc_column][vc_column width=&#8220;1\/4&#8243;][vc_single_image image=&#8220;3484&#8243; border_color=&#8220;grey&#8220; img_link_large=&#8220;&#8220; img_link_target=&#8220;_self&#8220; title=&#8220;Wohnmodule, Container&#8220; img_size=&#8220;medium&#8220; el_class=&#8220;argus-reference-main-heading&#8220; link=&#8220;http:\/\/www.argus-eng.co.rs\/de\/reference\/wohnmodule-container\/&#8220;][vc_column_text el_class=&#8220;argus-reference-main-paragraph&#8220;]<\/p>\n<p>Der billigste und schnellste Weg, um einen Gesch\u00e4ftsraum im Freien oder im Rahmen einer bestehenden Halle zu bauen, ist mit Hilfe von CONTAINER-MODULEN.<\/p>\n<p>[\/vc_column_text][\/vc_column][vc_column width=&#8220;1\/4&#8243;][vc_single_image image=&#8220;3470&#8243; border_color=&#8220;grey&#8220; img_link_large=&#8220;&#8220; img_link_target=&#8220;_self&#8220; title=&#8220;Mini -Objekte&#8220; img_size=&#8220;medium&#8220; el_class=&#8220;argus-reference-main-heading&#8220; link=&#8220;http:\/\/www.argus-eng.co.rs\/de\/reference\/mini-objekte\/&#8220;][vc_column_text el_class=&#8220;argus-reference-main-paragraph&#8220;]<\/p>\n<p style=\"text-align: justify;\">Portierh\u00e4uschen, Kioske und Waagenh\u00e4uschen sind kleine Objekte unter 10m2. Sie haben ein angenehmes und elegantes Aussehen und viel Licht im Raum.<\/p>\n<p>[\/vc_column_text][\/vc_column][vc_column width=&#8220;1\/4&#8243;][vc_single_image image=&#8220;3482&#8243; border_color=&#8220;grey&#8220; img_link_large=&#8220;&#8220; img_link_target=&#8220;_self&#8220; title=&#8220;Fenster und T\u00fcren&#8220; img_size=&#8220;medium&#8220; el_class=&#8220;argus-reference-main-heading&#8220; link=&#8220;http:\/\/www.argus-eng.co.rs\/de\/reference\/fenster-und-tueren\/&#8220;][vc_column_text el_class=&#8220;argus-reference-main-paragraph&#8220;]<\/p>\n<p style=\"text-align: justify;\">In vielen Geb\u00e4uden, die von nicht fachkundigen Baufirmen gebaut wurden, leiden die Einwohner wegen billigen Fenstern und T\u00fcren, welche nicht alle n\u00f6tigen Verst\u00e4rkungen haben.<\/p>\n<p>[\/vc_column_text][\/vc_column]<\/div><\/div>\n<\/div>","protected":false},"excerpt":{"rendered":"[vc_column width=\"1\/4\"][vc_single_image image=\"3468\" border_color=\"grey\" img_link_large=\"\" img_link_target=\"_self\" title=\"Montagehallen\" img_size=\"medium\" el_class=\"argus-reference-main-heading\" link=\"http:\/\/www.argus-eng.co.rs\/de\/reference\/montagehallen-und-konstruktionen\/\"][vc_column_text el_class=\"argus-reference-main-paragraph\"] Jetzt sehen wir in allen gr\u00f6\u00dferen St\u00e4dten immer mehr Objekte, die im Montagesystem gebaut wurden, abgedeckt mit Sandwich-Panelen, Alubond, strukturellen und halbstrukturellen Aluminium-Glas-Fassaden. [\/vc_column_text][\/vc_column][vc_column width=\"1\/4\"][vc_single_image image=\"3484\" border_color=\"grey\" img_link_large=\"\" img_link_target=\"_self\" title=\"Wohnmodule, Container\" img_size=\"medium\" el_class=\"argus-reference-main-heading\" link=\"http:\/\/www.argus-eng.co.rs\/de\/reference\/wohnmodule-container\/\"][vc_column_text el_class=\"argus-reference-main-paragraph\"] Der billigste und schnellste Weg, um einen Gesch\u00e4ftsraum im [...]","protected":false},"author":3,"featured_media":0,"parent":0,"menu_order":0,"comment_status":"closed","ping_status":"closed","template":"","meta":{"footnotes":""},"class_list":["post-3860","page","type-page","status-publish","hentry"],"_links":{"self":[{"href":"https:\/\/www.argus-eng.co.rs\/de\/wp-json\/wp\/v2\/pages\/3860","targetHints":{"allow":["GET"]}}],"collection":[{"href":"https:\/\/www.argus-eng.co.rs\/de\/wp-json\/wp\/v2\/pages"}],"about":[{"href":"https:\/\/www.argus-eng.co.rs\/de\/wp-json\/wp\/v2\/types\/page"}],"author":[{"embeddable":true,"href":"https:\/\/www.argus-eng.co.rs\/de\/wp-json\/wp\/v2\/users\/3"}],"replies":[{"embeddable":true,"href":"https:\/\/www.argus-eng.co.rs\/de\/wp-json\/wp\/v2\/comments?post=3860"}],"version-history":[{"count":0,"href":"https:\/\/www.argus-eng.co.rs\/de\/wp-json\/wp\/v2\/pages\/3860\/revisions"}],"wp:attachment":[{"href":"https:\/\/www.argus-eng.co.rs\/de\/wp-json\/wp\/v2\/media?parent=3860"}],"curies":[{"name":"wp","href":"https:\/\/api.w.org\/{rel}","templated":true}]}}