{"id":3865,"date":"2015-10-23T02:15:45","date_gmt":"2015-10-23T02:15:45","guid":{"rendered":"http:\/\/www.argus-eng.co.rs\/de\/sertifikati\/"},"modified":"2016-06-14T12:08:07","modified_gmt":"2016-06-14T12:08:07","slug":"zertifikate","status":"publish","type":"page","link":"https:\/\/www.argus-eng.co.rs\/de\/zertifikate\/","title":{"rendered":"Zertifikate"},"content":{"rendered":"<div class=\"wpb-content-wrapper\"><div  class=\"container\" ><div class=\"vc_row wpb_row vc_row-fluid\">[vc_column width=&#8220;1\/4&#8243;][vc_single_image image=&#8220;3495&#8243; border_color=&#8220;grey&#8220; img_link_large=&#8220;&#8220; img_link_target=&#8220;_self&#8220; img_size=&#8220;medium&#8220;][vc_column_text]<\/p>\n<p style=\"text-align: justify;\"><span lang=\"de-DE\">WIR HABEN DAS ISO 9001-2008 Qualit\u00e4tssystem zertifiziert, welches wir zur Zufriedenheit unserer Kunden befolgen. Aufmerksam und verantwortungsvoll k\u00f6nnen wir in Absprache mit unseren Kunden Produkte fertigen, die eine beidseitige Zufriedenheit und Qualit\u00e4t gew\u00e4hrleisten werden. Wir bem\u00fchen uns, Ihrem Vertrauen in uns gerecht zu werden, und Sie k\u00f6nnen zwischen vielen Angeboten w\u00e4hlen und Sie werden jenes ausw\u00e4hlen, das Ihnen am besten entspricht.<\/span><\/p>\n<p>[\/vc_column_text][\/vc_column][vc_column width=&#8220;1\/4&#8243;][vc_column_text]<br \/>\n[\/vc_column_text][vc_column_text]<\/p>\n<p style=\"text-align: justify;\"><span lang=\"de-DE\">Wir w\u00fcnschen Ihnen gute Entscheidungen! Und wir hoffen auf eine Zusammenarbeit! Damit wir unsere Prozesse im Sinne des Umweltschutzes verbessern, und um eine Abgestimmtheit mit den Gesetzesregelungen zu gew\u00e4hrleisten, planen wir st\u00e4ndig neue Projekte, Ans\u00e4tze und Aktivit\u00e4ten.<\/span><\/p>\n<p><a href=\"http:\/\/www.argus-eng.co.rs\/wp-content\/uploads\/2015\/10\/ISO-9001-2015-2016.pdf\" target=\"_blank\">Dokumentation zum Herunterladen<\/a>[\/vc_column_text][\/vc_column][vc_column width=&#8220;1\/4&#8243;][vc_column_text]<br \/>\n[\/vc_column_text][\/vc_column]<\/div><\/div>\n<\/div>","protected":false},"excerpt":{"rendered":"[vc_column width=\"1\/4\"][vc_single_image image=\"3495\" border_color=\"grey\" img_link_large=\"\" img_link_target=\"_self\" img_size=\"medium\"][vc_column_text] WIR HABEN DAS ISO 9001-2008 Qualit\u00e4tssystem zertifiziert, welches wir zur Zufriedenheit unserer Kunden befolgen. Aufmerksam und verantwortungsvoll k\u00f6nnen wir in Absprache mit unseren Kunden Produkte fertigen, die eine beidseitige Zufriedenheit und Qualit\u00e4t gew\u00e4hrleisten werden. Wir bem\u00fchen uns, Ihrem Vertrauen in uns gerecht zu werden, und Sie k\u00f6nnen zwischen [...]","protected":false},"author":3,"featured_media":0,"parent":0,"menu_order":0,"comment_status":"closed","ping_status":"closed","template":"","meta":{"footnotes":""},"class_list":["post-3865","page","type-page","status-publish","hentry"],"_links":{"self":[{"href":"https:\/\/www.argus-eng.co.rs\/de\/wp-json\/wp\/v2\/pages\/3865","targetHints":{"allow":["GET"]}}],"collection":[{"href":"https:\/\/www.argus-eng.co.rs\/de\/wp-json\/wp\/v2\/pages"}],"about":[{"href":"https:\/\/www.argus-eng.co.rs\/de\/wp-json\/wp\/v2\/types\/page"}],"author":[{"embeddable":true,"href":"https:\/\/www.argus-eng.co.rs\/de\/wp-json\/wp\/v2\/users\/3"}],"replies":[{"embeddable":true,"href":"https:\/\/www.argus-eng.co.rs\/de\/wp-json\/wp\/v2\/comments?post=3865"}],"version-history":[{"count":0,"href":"https:\/\/www.argus-eng.co.rs\/de\/wp-json\/wp\/v2\/pages\/3865\/revisions"}],"wp:attachment":[{"href":"https:\/\/www.argus-eng.co.rs\/de\/wp-json\/wp\/v2\/media?parent=3865"}],"curies":[{"name":"wp","href":"https:\/\/api.w.org\/{rel}","templated":true}]}}