{"id":3840,"date":"2015-06-06T04:33:38","date_gmt":"2015-06-06T04:33:38","guid":{"rendered":"http:\/\/www.argus-eng.co.rs\/en\/home-1\/"},"modified":"2016-03-12T21:54:25","modified_gmt":"2016-03-12T21:54:25","slug":"home-1","status":"publish","type":"page","link":"https:\/\/www.argus-eng.co.rs\/en\/","title":{"rendered":"Home 1"},"content":{"rendered":"<div class=\"wpb-content-wrapper\"><div  class=\"fullwidth\" ><div class=\"vc_row wpb_row vc_row-fluid\">[vc_column width=&#8221;1\/1&#8243;][rev_slider_vc alias=&#8221;slider-home-en&#8221;][\/vc_column]<\/div><\/div><div  class=\"fullwidth\" ><div class=\"vc_row wpb_row vc_row-fluid margin-bottom-70\">[vc_column width=&#8221;1\/1&#8243;]            <div class=\"innovation-call-action  \" >\n                <h6>We have been in business since 2002. An experience of over 120 halls gives us confidence.<\/h6>\n                                <a class=\"innovation-button style1\" href=\"http:\/\/www.argus-eng.co.rs\/en\/o-nama\/\" target=\"_self\">More about us<\/a>\n                                                <a class=\"innovation-button style1\" href=\"http:\/\/www.argus-eng.co.rs\/en\/gde-smo\/\" target=\"_self\">Where we are?<\/a>\n                            <\/div>\n            [\/vc_column]<\/div><\/div><div  class=\"container\" ><div class=\"vc_row wpb_row vc_row-fluid margin-bottom-40\">[vc_column width=&#8221;1\/4&#8243;][vc_column_text]<a href=\"http:\/\/www.argus-eng.co.rs\/en\/proizvodi\/montazne-hale-i-konstrukcije\/\"><img wpfc-lazyload-disable=\"true\" loading=\"lazy\" decoding=\"async\" class=\"alignnone wp-image-2522 size-full\" src=\"http:\/\/www.argus-eng.co.rs\/wp-content\/uploads\/2015\/06\/1.-montazne-hale-i-konstrukcije-740-416.jpg\" alt=\"1. montazne hale i konstrukcije - 740-416\" width=\"740\" height=\"416\" srcset=\"https:\/\/www.argus-eng.co.rs\/wp-content\/uploads\/2015\/06\/1.-montazne-hale-i-konstrukcije-740-416.jpg 740w, https:\/\/www.argus-eng.co.rs\/wp-content\/uploads\/2015\/06\/1.-montazne-hale-i-konstrukcije-740-416-300x169.jpg 300w\" sizes=\"auto, (max-width: 740px) 100vw, 740px\" \/><\/a><\/p>\n<p><strong><a href=\"http:\/\/www.argus-eng.co.rs\/en\/proizvodi\/montazne-hale-i-konstrukcije\/\">PREFABRICATED HALLS AND CONSTRUCTIONS<\/a><\/strong><\/p>\n<p class=\"western\">Argus in\u017eenjering d.o.o. We manufacture and assemble prefabricated facilities ranging from 6 to 35 m. With an experience of over 120 prefabricated halls we will turn your money into a permanent value&#8230;<\/p>\n<p><a href=\"http:\/\/www.argus-eng.co.rs\/en\/proizvodi\/montazne-hale-i-konstrukcije\/\">In more detail<\/a>[\/vc_column_text][\/vc_column][vc_column width=&#8221;1\/4&#8243;][vc_column_text]<a href=\"http:\/\/www.argus-eng.co.rs\/en\/proizvodi\/stambeni-moduli-kontejneri\/\"><img wpfc-lazyload-disable=\"true\" loading=\"lazy\" decoding=\"async\" class=\"alignnone wp-image-2524 size-full\" src=\"http:\/\/www.argus-eng.co.rs\/wp-content\/uploads\/2015\/06\/2.-stambeni-moduli-kontejneri-740-416.jpg\" alt=\"2. stambeni moduli, kontejneri - 740-416\" width=\"740\" height=\"416\" srcset=\"https:\/\/www.argus-eng.co.rs\/wp-content\/uploads\/2015\/06\/2.-stambeni-moduli-kontejneri-740-416.jpg 740w, https:\/\/www.argus-eng.co.rs\/wp-content\/uploads\/2015\/06\/2.-stambeni-moduli-kontejneri-740-416-300x169.jpg 300w\" sizes=\"auto, (max-width: 740px) 100vw, 740px\" \/><\/a><\/p>\n<p><strong><a href=\"http:\/\/www.argus-eng.co.rs\/en\/proizvodi\/stambeni-moduli-kontejneri\/\">OFFICE CABINS, CONTAINERS<\/a><\/strong><\/p>\n<p class=\"western\">Single office cabins or cabins connected to form pavilions will ensure you a cheap and lasting residential-office space. For more demanding customers it is possible to stack containers onto unusual columns\u2026<\/p>\n<p><a href=\"http:\/\/www.argus-eng.co.rs\/en\/proizvodi\/stambeni-moduli-kontejneri\/\">In more detail<\/a>[\/vc_column_text][\/vc_column][vc_column width=&#8221;1\/4&#8243;][vc_column_text]<a href=\"http:\/\/www.argus-eng.co.rs\/en\/proizvodi\/mini-objekti\/\"><img wpfc-lazyload-disable=\"true\" loading=\"lazy\" decoding=\"async\" class=\"alignnone wp-image-2527 size-full\" src=\"http:\/\/www.argus-eng.co.rs\/wp-content\/uploads\/2015\/06\/3.-mini-objekti-740-416.jpg\" alt=\"3. mini objekti -740-416\" width=\"740\" height=\"416\" srcset=\"https:\/\/www.argus-eng.co.rs\/wp-content\/uploads\/2015\/06\/3.-mini-objekti-740-416.jpg 740w, https:\/\/www.argus-eng.co.rs\/wp-content\/uploads\/2015\/06\/3.-mini-objekti-740-416-300x169.jpg 300w\" sizes=\"auto, (max-width: 740px) 100vw, 740px\" \/><\/a><\/p>\n<p><strong><a href=\"http:\/\/www.argus-eng.co.rs\/en\/proizvodi\/mini-objekti\/\">MINI FACILITIES<\/a><\/strong><\/p>\n<p class=\"western\">Mini facilities that we manufacture are of the best durability in the region. Guard houses with Rehau doors and windows and sandwich panels should replace old dilapidated houses made from sheet metal \u2013 our guards deserve it&#8230;<\/p>\n<p><a href=\"http:\/\/www.argus-eng.co.rs\/en\/proizvodi\/mini-objekti\/\">In more detail<\/a>[\/vc_column_text][\/vc_column][vc_column width=&#8221;1\/4&#8243;][vc_column_text]<a href=\"http:\/\/www.argus-eng.co.rs\/en\/proizvodi\/stolarija\/\"><img wpfc-lazyload-disable=\"true\" loading=\"lazy\" decoding=\"async\" class=\"alignnone wp-image-3124 size-full\" src=\"http:\/\/www.argus-eng.co.rs\/wp-content\/uploads\/2015\/06\/reahu-windows.jpg\" alt=\"reahu-windows\" width=\"740\" height=\"416\" srcset=\"https:\/\/www.argus-eng.co.rs\/wp-content\/uploads\/2015\/06\/reahu-windows.jpg 740w, https:\/\/www.argus-eng.co.rs\/wp-content\/uploads\/2015\/06\/reahu-windows-300x169.jpg 300w\" sizes=\"auto, (max-width: 740px) 100vw, 740px\" \/><\/a><\/p>\n<p><strong><a href=\"http:\/\/www.argus-eng.co.rs\/en\/proizvodi\/stolarija\/\">DOORS AND WINDOWS<\/a><\/strong><\/p>\n<p class=\"western\">Tenants of many buildings that were built by incompetent builders are now suffering because of cheap doors and windows. High-quality doors and windows of REHAU quality with GU-BKS hardware will be gladly used even by your grandchildren&#8230;<\/p>\n<p><a href=\"http:\/\/www.argus-eng.co.rs\/en\/proizvodi\/stolarija\/\">In more detail<\/a>[\/vc_column_text][\/vc_column]<\/div><\/div><div  class=\"fullwidth\" ><div class=\"vc_row wpb_row vc_row-fluid vc_custom_1434074196242\">[vc_column width=&#8221;1\/1&#8243;]<div  class=\"container\" ><div class=\"vc_row wpb_row vc_inner vc_row-fluid\">[vc_column_inner el_class=&#8221;&#8221; width=&#8221;1\/1&#8243;]            <div class=\"innovation-heading style1 naslov\" >\n                                     <h2>REFERENCES<\/h2>\n                            <\/div>\n            [\/vc_column_inner]<\/div><\/div><div  class=\"container\" ><div class=\"vc_row wpb_row vc_inner vc_row-fluid\">[vc_column_inner el_class=&#8221;&#8221; width=&#8221;1\/4&#8243;][vc_single_image image=&#8221;2523&#8243; border_color=&#8221;grey&#8221; img_link_large=&#8221;&#8221; img_link_target=&#8221;_self&#8221; title=&#8221;Prefabricated halls&#8221; img_size=&#8221;full&#8221; link=&#8221;http:\/\/www.argus-eng.co.rs\/en\/reference\/montazne-hale-i-konstrukcije\/&#8221; el_class=&#8221;podnaslov&#8221;][\/vc_column_inner][vc_column_inner el_class=&#8221;&#8221; width=&#8221;1\/4&#8243;][vc_single_image image=&#8221;2525&#8243; border_color=&#8221;grey&#8221; img_link_large=&#8221;&#8221; img_link_target=&#8221;_self&#8221; title=&#8221;Residential modules, Containers&#8221; img_size=&#8221;full&#8221; link=&#8221;http:\/\/www.argus-eng.co.rs\/en\/reference\/stambeni-moduli-kontejneri\/&#8221; el_class=&#8221;podnaslov&#8221;][\/vc_column_inner][vc_column_inner el_class=&#8221;&#8221; width=&#8221;1\/4&#8243;][vc_single_image image=&#8221;2526&#8243; border_color=&#8221;grey&#8221; img_link_large=&#8221;&#8221; img_link_target=&#8221;_self&#8221; title=&#8221;Mini facilities&#8221; img_size=&#8221;full&#8221; link=&#8221;http:\/\/www.argus-eng.co.rs\/en\/reference\/mini-objekti\/&#8221; el_class=&#8221;podnaslov&#8221;][\/vc_column_inner][vc_column_inner el_class=&#8221;&#8221; width=&#8221;1\/4&#8243;][vc_single_image image=&#8221;2528&#8243; border_color=&#8221;grey&#8221; img_link_large=&#8221;&#8221; img_link_target=&#8221;_self&#8221; title=&#8221;Doors and windows&#8221; img_size=&#8221;full&#8221; link=&#8221;http:\/\/www.argus-eng.co.rs\/en\/reference\/stolarija\/&#8221; el_class=&#8221;podnaslov&#8221;][\/vc_column_inner]<\/div><\/div>[\/vc_column]<\/div><\/div><div  class=\"container\" ><div class=\"vc_row wpb_row vc_row-fluid\">[vc_column width=&#8221;1\/1&#8243;][vc_empty_space height=&#8221;50px&#8221;]            <div class=\"innovation-heading style1 \" >\n                                     <h2>certificates documentation<\/h2>\n                            <\/div>\n            [\/vc_column]<\/div><\/div><div  class=\"container\" ><div class=\"vc_row wpb_row vc_row-fluid margin-bottom-70\">[vc_column width=&#8221;1\/4&#8243; el_class=&#8221;sm-margin-bottom-30 col-md-3 col-sm-6&#8243;]\n\t\t\t<div class=\"innovation-icon-box style2 podnaslov\" >\n\n                \n                <div class=\"ibox-icon\">\n\n                    <a href=\"http:\/\/www.argus-eng.co.rs\/wp-content\/uploads\/2015\/10\/Izvod-o-registraciji-privrednog-subjekta.pdf\" target=\"_blank\"><i class=\"fa fa-copy\"><\/i><\/a>\n\n                <\/div>\n\n                <h3><a href=\"http:\/\/www.argus-eng.co.rs\/wp-content\/uploads\/2015\/10\/Izvod-o-registraciji-privrednog-subjekta.pdf\" target=\"_blank\">Business Registers Agency<\/a><\/h3>\n\n                <p><\/p>\n\n                \n\t\t\t<\/div>\n\n            [\/vc_column][vc_column width=&#8221;1\/4&#8243; el_class=&#8221;sm-margin-bottom-30 col-md-3 col-sm-6&#8243;]\n\t\t\t<div class=\"innovation-icon-box style2 \" >\n\n                \n                <div class=\"ibox-icon\">\n\n                    <a href=\"http:\/\/www.argus-eng.co.rs\/wp-content\/uploads\/2015\/10\/POTVRDA-PIB.pdf\" target=\"_blank\"><i class=\"fa fa-file-text-o\"><\/i><\/a>\n\n                <\/div>\n\n                <h3><a href=\"http:\/\/www.argus-eng.co.rs\/wp-content\/uploads\/2015\/10\/POTVRDA-PIB.pdf\" target=\"_blank\">PIB number<\/a><\/h3>\n\n                <p><\/p>\n\n                \n\t\t\t<\/div>\n\n            [\/vc_column][vc_column width=&#8221;1\/4&#8243; el_class=&#8221;sm-margin-bottom-30 col-md-3 col-sm-6&#8243;]\n\t\t\t<div class=\"innovation-icon-box style2 \" >\n\n                \n                <div class=\"ibox-icon\">\n\n                    <a href=\"http:\/\/www.argus-eng.co.rs\/wp-content\/uploads\/2015\/10\/informativni-list.pdf\" target=\"_blank\"><i class=\"fa fa-file-image-o\"><\/i><\/a>\n\n                <\/div>\n\n                <h3><a href=\"http:\/\/www.argus-eng.co.rs\/wp-content\/uploads\/2015\/10\/informativni-list.pdf\" target=\"_blank\">Info Sheet<\/a><\/h3>\n\n                <p><\/p>\n\n                \n\t\t\t<\/div>\n\n            [\/vc_column][vc_column width=&#8221;1\/4&#8243; el_class=&#8221;col-md-3 col-sm-6&#8243;]\n\t\t\t<div class=\"innovation-icon-box style2 \" >\n\n                \n                <div class=\"ibox-icon\">\n\n                    <a  href=\"http:\/\/www.argus-eng.co.rs\/wp-content\/uploads\/2015\/10\/ISO-9001-2015-2016.jpg\" data-rel=\"prettyphoto-gallery-0\" data-rl_title=\"\" data-rl_caption=\"\" target=\"_blank\" title=\"\"><i class=\"fa fa-check-square-o\"><\/i><\/a>\n\n                <\/div>\n\n                <h3><a  href=\"http:\/\/www.argus-eng.co.rs\/wp-content\/uploads\/2015\/10\/ISO-9001-2015-2016.jpg\" data-rel=\"prettyphoto-gallery-0\" data-rl_title=\"\" data-rl_caption=\"\" target=\"_blank\" title=\"\">ISO 9001-2008<\/a><\/h3>\n\n                <p><\/p>\n\n                \n\t\t\t<\/div>\n\n            [\/vc_column]<\/div><\/div><div  class=\"fullwidth\" ><div data-parallax_speed=\"0\" data-scroll_effect=\"fixed\" class=\"vc_row wpb_row vc_row-fluid vc_custom_1446807822835 vertical-parallax overlay-wapper\"><div id=\"overlay-69f051da115b9\" class=\"overlay\"  data-overlay_color= rgba(13,24,31,0.9)><\/div>[vc_column width=&#8221;1\/1&#8243;]\t\t\t\t<div class=\"innovation-testimonial  \" >\n                    <h6>Our principle is<\/h6>\n                    <div class=\"fotorama\" data-nav=\"thumbs\" data-width=\"100%\" data-height=\"300\" data-autoplay=\"true\" data-thumbwidth=\"75\" data-thumbheight=\"75\" data-thumbmargin=\"18\">\n                                                <div class=\"testimonial-item\" data-thumb=\" \">\n                                <p class=\"testimonial-description\">BUILDING AN ENTIRELY FUNCTIONAL FACILITY which can easily be upgraded.<\/p>\n                                <p class=\"testimonial-name\">Our principle is<\/p>\n                                <p class=\"testimonial-job\">.<\/p>\n                            <\/div>\n                       \n                    \t\t\t\t    <\/div>\n                <\/div>\n\t\t\t[\/vc_column]<\/div><\/div><div  class=\"fullwidth\" ><div class=\"vc_row wpb_row vc_row-fluid margin-bottom-70 vc_custom_1433580594751\">[vc_column width=&#8221;1\/1&#8243;]<div  class=\"container\" ><div class=\"vc_row wpb_row vc_inner vc_row-fluid vc_custom_1433580122356\">[vc_column_inner width=&#8221;1\/1&#8243;]            <div class=\"innovation-heading style1 \" >\n                                     <h2>News<\/h2>\n                            <\/div>\n                            <div class=\"innovation-latest-post  \" >\n                                            <div class=\"innovation-latest-post-slider\">\n                            <div data-plugin-options='{\"items\" : 3,\"pagination\":false, \"autoPlay\": true }' class=\"owl-carousel\">\n                                                                    <div class=\"latest-post-item\">\n                                                                                <div class=\"innovation-latest-post-content\">\n                                            <a class=\"innovation-latest-post-title\" href=\"https:\/\/www.argus-eng.co.rs\/en\/zavrsena-montaza-hale-u-podgorici\/\"\n                                               rel=\"bookmark\" title=\"Zavr\u0161ena monta\u017ea hale u Podgorici\">Zavr\u0161ena monta\u017ea hale u Podgorici<\/a>\n                                                                                        <p>Za firmu iz Podgorice NORMAL COMPANY izgradili smo halu dimenzija 20x40m korisne visine 5,5m. Hala je izvedena kao standardna ARGUS hala sa poja\u010danom nosivo\u0161\u0107u. Konstrukcija je [...]<\/p>\n                                            <div class=\"post-meta-line\"><\/div>\n                                            <div class=\"innovation-latest-post-author\">By : <span><a href=\"https:\/\/www.argus-eng.co.rs\/en\/author\/argusadmin\/\">Argus In\u017eenjering<\/a><\/span><\/div>|\n                                            <a class=\"innovation-latest-post-readmore\" href=\"https:\/\/www.argus-eng.co.rs\/en\/zavrsena-montaza-hale-u-podgorici\/\">Read more<\/a>\n                                        <\/div>\n                                    <\/div>\n                                                                    <div class=\"latest-post-item\">\n                                                                                <div class=\"innovation-latest-post-content\">\n                                            <a class=\"innovation-latest-post-title\" href=\"https:\/\/www.argus-eng.co.rs\/en\/isporuka-stambenih-modula-za-izbeglice-iz-sirije\/\"\n                                               rel=\"bookmark\" title=\"Isporuka stambenih modula za izbeglice iz Sirije\">Isporuka stambenih modula za izbeglice iz Sirije<\/a>\n                                                                                        <p>Argus in\u017eenjering d.o.o. zapo\u010dinje kontinualne isporuke stambenih modula za Nema\u010dku u saradnji sa slovena\u010dkom firmom Elektroturn\u0161ek. Stambeni moduli su visokog kvaliteta i [...]<\/p>\n                                            <div class=\"post-meta-line\"><\/div>\n                                            <div class=\"innovation-latest-post-author\">By : <span><a href=\"https:\/\/www.argus-eng.co.rs\/en\/author\/argusadmin\/\">Argus In\u017eenjering<\/a><\/span><\/div>|\n                                            <a class=\"innovation-latest-post-readmore\" href=\"https:\/\/www.argus-eng.co.rs\/en\/isporuka-stambenih-modula-za-izbeglice-iz-sirije\/\">Read more<\/a>\n                                        <\/div>\n                                    <\/div>\n                                                                    <div class=\"latest-post-item\">\n                                                                                    <div class=\"innovation-latest-post-image\">\n                                                <div class=\"embed-responsive embed-responsive-16by9 embed-responsive-blog-grid\"><iframe loading=\"lazy\" width=\"480\" height=\"270\" src=\"https:\/\/www.youtube.com\/embed\/zfID1-7HW6Q\" frameborder=\"0\"><\/iframe><\/div>                                            <\/div>\n                                                                                <div class=\"innovation-latest-post-content\">\n                                            <a class=\"innovation-latest-post-title\" href=\"https:\/\/www.argus-eng.co.rs\/en\/transpak-kontejneri-ekstremna-brzina-udaljene-montaze\/\"\n                                               rel=\"bookmark\" title=\"Transpak kontejneri, ekstremna brzina udaljene monta\u017ee\">Transpak kontejneri, ekstremna brzina udaljene monta\u017ee<\/a>\n                                                                                        <p>Izuzetna brzina monta\u017ee gotovog modula. Raspakivanje, monta\u017ea i dovr\u0161avanje stambenog modula dva montera zavr\u0161avaju za maksimalno 3 sata. U \u0161leper stane 6 modula, a kod [...]<\/p>\n                                            <div class=\"post-meta-line\"><\/div>\n                                            <div class=\"innovation-latest-post-author\">By : <span><a href=\"https:\/\/www.argus-eng.co.rs\/en\/author\/argusadmin\/\">Argus In\u017eenjering<\/a><\/span><\/div>|\n                                            <a class=\"innovation-latest-post-readmore\" href=\"https:\/\/www.argus-eng.co.rs\/en\/transpak-kontejneri-ekstremna-brzina-udaljene-montaze\/\">Read more<\/a>\n                                        <\/div>\n                                    <\/div>\n                                                            <\/div>\n                        <\/div>\n                                    <\/div>\n            [\/vc_column_inner]<\/div><\/div>[\/vc_column]<\/div><\/div><div  class=\"fullwidth\" ><div class=\"vc_row wpb_row vc_row-fluid\">[vc_column width=&#8221;1\/1&#8243;]\t\t\t<div class=\"innovation-partner-carousel   container\" >\n                <div class=\"innovation-heading style1\">\n                    <h2>Our partners<\/h2>\n                <\/div>\n\t\t\t    <div class=\"owl-carousel\" data-plugin-options='{\"items\" : 5, \"autoPlay\": false,\"pagination\": false,\"navigation\": true}'>\n                                        <div class=\"content-middle-inner\"><img wpfc-lazyload-disable=\"true\" loading=\"lazy\" decoding=\"async\" width=\"180\" height=\"115\" src=\"https:\/\/www.argus-eng.co.rs\/wp-content\/uploads\/2015\/06\/10.-Jovana-Zrenjanin2.jpg\" class=\"attachment-full\" alt=\"\" title=\"10. Jovana Zrenjanin\" \/><\/div>\n                                            <div class=\"content-middle-inner\"><img wpfc-lazyload-disable=\"true\" loading=\"lazy\" decoding=\"async\" width=\"180\" height=\"115\" src=\"https:\/\/www.argus-eng.co.rs\/wp-content\/uploads\/2015\/06\/8.-Slaviamed2.jpg\" class=\"attachment-full\" alt=\"\" title=\"8. Slaviamed\" \/><\/div>\n                                            <div class=\"content-middle-inner\"><img wpfc-lazyload-disable=\"true\" loading=\"lazy\" decoding=\"async\" width=\"180\" height=\"115\" src=\"https:\/\/www.argus-eng.co.rs\/wp-content\/uploads\/2015\/06\/7.-Farmalogist2.jpg\" class=\"attachment-full\" alt=\"\" title=\"7. Farmalogist\" \/><\/div>\n                                            <div class=\"content-middle-inner\"><img wpfc-lazyload-disable=\"true\" loading=\"lazy\" decoding=\"async\" width=\"180\" height=\"115\" src=\"https:\/\/www.argus-eng.co.rs\/wp-content\/uploads\/2015\/06\/4.-Metalac2.jpg\" class=\"attachment-full\" alt=\"\" title=\"4. Metalac\" \/><\/div>\n                                            <div class=\"content-middle-inner\"><img wpfc-lazyload-disable=\"true\" loading=\"lazy\" decoding=\"async\" width=\"180\" height=\"115\" src=\"https:\/\/www.argus-eng.co.rs\/wp-content\/uploads\/2015\/06\/3.-MK-Commerce2.jpg\" class=\"attachment-full\" alt=\"\" title=\"3. MK Commerce\" \/><\/div>\n                                            <div class=\"content-middle-inner\"><img wpfc-lazyload-disable=\"true\" loading=\"lazy\" decoding=\"async\" width=\"180\" height=\"115\" src=\"https:\/\/www.argus-eng.co.rs\/wp-content\/uploads\/2015\/06\/1.-Esensa2.jpg\" class=\"attachment-full\" alt=\"\" title=\"1. Esensa\" \/><\/div>\n                                            <div class=\"content-middle-inner\"><img wpfc-lazyload-disable=\"true\" loading=\"lazy\" decoding=\"async\" width=\"180\" height=\"115\" src=\"https:\/\/www.argus-eng.co.rs\/wp-content\/uploads\/2015\/06\/9.-Dijagonala3.jpg\" class=\"attachment-full\" alt=\"\" title=\"9. Dijagonala\" \/><\/div>\n                                            <div class=\"content-middle-inner\"><img wpfc-lazyload-disable=\"true\" loading=\"lazy\" decoding=\"async\" width=\"180\" height=\"115\" src=\"https:\/\/www.argus-eng.co.rs\/wp-content\/uploads\/2015\/06\/6.-Big-bull2.jpg\" class=\"attachment-full\" alt=\"\" title=\"6. Big bull\" \/><\/div>\n                                            <div class=\"content-middle-inner\"><img wpfc-lazyload-disable=\"true\" loading=\"lazy\" decoding=\"async\" width=\"180\" height=\"115\" src=\"https:\/\/www.argus-eng.co.rs\/wp-content\/uploads\/2015\/06\/5.-Bambi2.jpg\" class=\"attachment-full\" alt=\"\" title=\"5. Bambi\" \/><\/div>\n                                            <div class=\"content-middle-inner\"><img wpfc-lazyload-disable=\"true\" loading=\"lazy\" decoding=\"async\" width=\"180\" height=\"115\" src=\"https:\/\/www.argus-eng.co.rs\/wp-content\/uploads\/2015\/06\/2.-Frikom2.jpg\" class=\"attachment-full\" alt=\"\" title=\"2. Frikom\" \/><\/div>\n                    \t\t\t    <\/div>\n            <\/div>\n            [\/vc_column]<\/div><\/div>\n<\/div>","protected":false},"excerpt":{"rendered":"Izuzetna brzina monta\u017ee gotovog modula. Raspakivanje, monta\u017ea i dovr\u0161avanje stambenog modula dva montera zavr\u0161avaju za maksimalno 3 sata. U \u0161leper stane 6 modula, a kod jednostavnijih modula sa tanjim panelima i do 8 komada.","protected":false},"author":3,"featured_media":0,"parent":0,"menu_order":0,"comment_status":"closed","ping_status":"closed","template":"","meta":{"footnotes":""},"class_list":["post-3840","page","type-page","status-publish","hentry"],"_links":{"self":[{"href":"https:\/\/www.argus-eng.co.rs\/en\/wp-json\/wp\/v2\/pages\/3840","targetHints":{"allow":["GET"]}}],"collection":[{"href":"https:\/\/www.argus-eng.co.rs\/en\/wp-json\/wp\/v2\/pages"}],"about":[{"href":"https:\/\/www.argus-eng.co.rs\/en\/wp-json\/wp\/v2\/types\/page"}],"author":[{"embeddable":true,"href":"https:\/\/www.argus-eng.co.rs\/en\/wp-json\/wp\/v2\/users\/3"}],"replies":[{"embeddable":true,"href":"https:\/\/www.argus-eng.co.rs\/en\/wp-json\/wp\/v2\/comments?post=3840"}],"version-history":[{"count":0,"href":"https:\/\/www.argus-eng.co.rs\/en\/wp-json\/wp\/v2\/pages\/3840\/revisions"}],"wp:attachment":[{"href":"https:\/\/www.argus-eng.co.rs\/en\/wp-json\/wp\/v2\/media?parent=3840"}],"curies":[{"name":"wp","href":"https:\/\/api.w.org\/{rel}","templated":true}]}}