{"id":3813,"date":"2015-10-23T01:38:07","date_gmt":"2015-10-23T01:38:07","guid":{"rendered":"http:\/\/www.argus-eng.co.rs\/ru\/budite-deo-tima\/"},"modified":"2015-10-23T01:38:07","modified_gmt":"2015-10-23T01:38:07","slug":"budite-deo-tima","status":"publish","type":"page","link":"https:\/\/www.argus-eng.co.rs\/ru\/budite-deo-tima\/","title":{"rendered":"Budite deo tima"},"content":{"rendered":"<div class=\"wpb-content-wrapper\"><div  class=\"container\" ><div class=\"vc_row wpb_row vc_row-fluid\">[vc_column width=&#187;1\/1&#8243;]            <div class=\"innovation-heading style1 \" >\n                                     <h2>Ukoliko se prepoznajete u nekom od predstavljenih profila po\u0161aljite nam svoj CV<\/h2>\n                            <\/div>\n            [\/vc_column]<\/div><\/div><div  class=\"container\" ><div class=\"vc_row wpb_row vc_row-fluid margin-bottom-70\">[vc_column width=&#187;1\/3&#8243; el_class=&#187;sm-margin-bottom-30 col-md-3 col-sm-6&#8243;]\n\t\t\t<div class=\"innovation-icon-box style1 \" >\n\n                \n                <div class=\"innovation-ib-animated\">\n\n                    <div class=\"innovation-ib-inner\">\n\n                        <div class=\"innovation-ib-front\">\n\n                            <a class=\"innovation-ib-icon\" href=\"#\"><i class=\"flaticon-astronaut\"><\/i><\/a>\n\n                            <a class=\"innovation-ib-title\"  href=\"#\">In\u017eenjeri<\/a>\n\n                        <\/div>\n\n                        <div class=\"innovation-ib-back\">\n\n                            <div class=\"content-middle\">\n\n                                <div class=\"content-middle-inner\">\n\n                                    <a class=\"innovation-ib-title-mask\" href=\"#\">In\u017eenjeri<\/a>\n\n                                    \n                                        <p class=\"innovation-ib-description\">Ukoliko \u017eelite da budete deo na\u0161eg tima IN\u017dENJERI, posaljite nam CV<\/p>\n\n                                    \n                                <\/div>\n\n                            <\/div>\n\n                        <\/div>\n\n                    <\/div>\n\n                <\/div>\n\n                \n\t\t\t<\/div>\n\n            [\/vc_column][vc_column width=&#187;1\/3&#8243; el_class=&#187;sm-margin-bottom-30 col-md-3 col-sm-6&#8243;]\n\t\t\t<div class=\"innovation-icon-box style1 \" >\n\n                \n                <div class=\"innovation-ib-animated\">\n\n                    <div class=\"innovation-ib-inner\">\n\n                        <div class=\"innovation-ib-front\">\n\n                            <a class=\"innovation-ib-icon\" href=\"#\"><i class=\"flaticon-hammer38\"><\/i><\/a>\n\n                            <a class=\"innovation-ib-title\"  href=\"#\">Majstori<\/a>\n\n                        <\/div>\n\n                        <div class=\"innovation-ib-back\">\n\n                            <div class=\"content-middle\">\n\n                                <div class=\"content-middle-inner\">\n\n                                    <a class=\"innovation-ib-title-mask\" href=\"#\">Majstori<\/a>\n\n                                    \n                                        <p class=\"innovation-ib-description\">Ukoliko \u017eelite da budete deo na\u0161eg tima MAJSTORI, posaljite nam CV<\/p>\n\n                                    \n                                <\/div>\n\n                            <\/div>\n\n                        <\/div>\n\n                    <\/div>\n\n                <\/div>\n\n                \n\t\t\t<\/div>\n\n            [\/vc_column][vc_column width=&#187;1\/3&#8243; el_class=&#187;sm-margin-bottom-30 col-md-3 col-sm-6&#8243;]\n\t\t\t<div class=\"innovation-icon-box style1 \" >\n\n                \n                <div class=\"innovation-ib-animated\">\n\n                    <div class=\"innovation-ib-inner\">\n\n                        <div class=\"innovation-ib-front\">\n\n                            <a class=\"innovation-ib-icon\" href=\"#\"><i class=\"flaticon-remote6\"><\/i><\/a>\n\n                            <a class=\"innovation-ib-title\"  href=\"#\">Administracija<\/a>\n\n                        <\/div>\n\n                        <div class=\"innovation-ib-back\">\n\n                            <div class=\"content-middle\">\n\n                                <div class=\"content-middle-inner\">\n\n                                    <a class=\"innovation-ib-title-mask\" href=\"#\">Administracija<\/a>\n\n                                    \n                                        <p class=\"innovation-ib-description\">Ukoliko \u017eelite da budete deo na\u0161eg tima ADMINISTRACIJA, posaljite nam CV<\/p>\n\n                                    \n                                <\/div>\n\n                            <\/div>\n\n                        <\/div>\n\n                    <\/div>\n\n                <\/div>\n\n                \n\t\t\t<\/div>\n\n            [\/vc_column]<\/div><\/div>\n<\/div>","protected":false},"excerpt":{"rendered":"[vc_column width=\"1\/1\"] Ukoliko se prepoznajete u nekom od predstavljenih profila po\u0161aljite nam svoj CV [\/vc_column][vc_column width=\"1\/3\" el_class=\"sm-margin-bottom-30 col-md-3 col-sm-6\"] In\u017eenjeri In\u017eenjeri Ukoliko \u017eelite da budete deo na\u0161eg tima IN\u017dENJERI, posaljite nam CV [\/vc_column][vc_column width=\"1\/3\" el_class=\"sm-margin-bottom-30 col-md-3 col-sm-6\"] Majstori Majstori Ukoliko \u017eelite da budete deo na\u0161eg tima MAJSTORI, posaljite nam CV [\/vc_column][vc_column width=\"1\/3\" el_class=\"sm-margin-bottom-30 col-md-3 col-sm-6\"] [...]","protected":false},"author":3,"featured_media":0,"parent":0,"menu_order":0,"comment_status":"closed","ping_status":"closed","template":"","meta":{"footnotes":""},"class_list":["post-3813","page","type-page","status-publish","hentry"],"_links":{"self":[{"href":"https:\/\/www.argus-eng.co.rs\/ru\/wp-json\/wp\/v2\/pages\/3813","targetHints":{"allow":["GET"]}}],"collection":[{"href":"https:\/\/www.argus-eng.co.rs\/ru\/wp-json\/wp\/v2\/pages"}],"about":[{"href":"https:\/\/www.argus-eng.co.rs\/ru\/wp-json\/wp\/v2\/types\/page"}],"author":[{"embeddable":true,"href":"https:\/\/www.argus-eng.co.rs\/ru\/wp-json\/wp\/v2\/users\/3"}],"replies":[{"embeddable":true,"href":"https:\/\/www.argus-eng.co.rs\/ru\/wp-json\/wp\/v2\/comments?post=3813"}],"version-history":[{"count":0,"href":"https:\/\/www.argus-eng.co.rs\/ru\/wp-json\/wp\/v2\/pages\/3813\/revisions"}],"wp:attachment":[{"href":"https:\/\/www.argus-eng.co.rs\/ru\/wp-json\/wp\/v2\/media?parent=3813"}],"curies":[{"name":"wp","href":"https:\/\/api.w.org\/{rel}","templated":true}]}}