{"id":3854,"date":"2015-10-22T20:24:06","date_gmt":"2015-10-22T20:24:06","guid":{"rendered":"http:\/\/www.argus-eng.co.rs\/ru\/o-nama\/"},"modified":"2015-10-22T20:24:06","modified_gmt":"2015-10-22T20:24:06","slug":"o-nama","status":"publish","type":"page","link":"https:\/\/www.argus-eng.co.rs\/ru\/o-nama\/","title":{"rendered":"O nama"},"content":{"rendered":"<div class=\"wpb-content-wrapper\"><div  class=\"container\" ><div class=\"vc_row wpb_row vc_row-fluid\">[vc_column width=&#187;5\/12&#8243; el_class=&#187;sm-margin-bottom-50&#8243;][vc_single_image image=&#187;77&#8243; alignment=&#187;center&#187; border_color=&#187;grey&#187; img_link_large=&#187;&#187; img_link_target=&#187;_self&#187; img_size=&#187;full&#187;][\/vc_column][vc_column width=&#187;7\/12&#8243;]            <div class=\"innovation-heading style3 margin-bottom-55\" >\n                                    <h2>Argus in\u017eenjering d.o.o.<\/h2>\n                                            <p>je gra\u0111evinsko preduze\u0107e za izradu i monta\u017eu \u010deli\u010dnih hala za industrijske objekte, skladi\u0161ta, sportske dvorane i sli\u010dne objekte. Za potrebe industrije proizvodimo platforme, mostove za cevovode i nose\u0107e konstrukcije ma\u0161ina, transportnih sistema i skladi\u0161nih sistema.<br \/>\nPoslujemo od 2002. godine sa 15 do 35 radnika. U poslednje 4 godine veoma uspe\u0161no sara\u0111ujemo sa nema\u010dkom firmom REHAU na polju PVC stolarije, a razvijamo poseban program stambenih kontejnera i mini objekata za razne namene. Tim \u010dine in\u017eenjeri ma\u0161inske i gra\u0111evinske struke pod rukovodstvom mr Dragan Erdevik,dipl.ing.ma\u0161 i kvalifikovani radnici - bravari, atestirani zavariva\u010di, limari i stolari koji proizvode, montiraju i op\u0161ivaju objekat kakav ste Vi zamislili!<\/p>\n                                                <\/div>\n            <div  class=\"fullwidth\" ><div class=\"vc_row wpb_row vc_inner vc_row-fluid list-style-bullet\">[vc_column_inner el_class=&#187;&#187; width=&#187;1\/1&#8243;][vc_column_text]<\/p>\n<ul>\n<li><strong>Na\u0161 princip je: SAGRADITI POTPUNO FUNKIONALNU CELINU OBJEKTA koja se sa lako\u0107om mo\u017ee dograditi.<\/strong><\/li>\n<\/ul>\n<p>[\/vc_column_text][\/vc_column_inner]<\/div><\/div>[\/vc_column]<\/div><\/div><div  class=\"fullwidth\" ><div class=\"vc_row wpb_row vc_row-fluid\">[vc_column width=&#187;1\/1&#8243;][vc_empty_space height=&#187;50px&#187;][\/vc_column]<\/div><\/div><div  class=\"container\" ><div class=\"vc_row wpb_row vc_row-fluid\">[vc_column width=&#187;1\/2&#8243;]            <div class=\"innovation-heading style3 \" >\n                                    <h2>Licencirani softveri<\/h2>\n                                            <p>Opremljeni smo licenciranim softverima za projektovanje i kompletnim poslovnim sistemom firme EDOPS, pomo\u0107u koga sa lako\u0107om i u duhu ISO9001 sistema upravljamo svim procesima firme i na taj na\u010din obezbe\u0111ujemo pra\u0107enje, odr\u017eavanje i pobolj\u0161avanje sistema kvaliteta proizvoda.<\/p>\n<p>Trudimo se da zadovoljstvo kupaca bude na zavidnom nivou i da preporuka bude na\u0161 najbolji marketing. Osim toga, posebno razvijamo odnos sa kupcem od samog po\u010detka saradnje. Za nas je kupac najbitniji saradnik, a uz na\u0161e edukativno delovanje, kupac sti\u010de dosta znanja iz ove oblasti tako da mo\u017ee svoje ideje da preto\u010di u realnost, ali sa raspolo\u017eivim i planiranim finansijskim sredstvima.<\/p>\n                                                <\/div>\n            [\/vc_column][vc_column width=&#187;1\/2&#8243;]            <div class=\"innovation-heading style3 \" >\n                                    <h2>Marketin\u0161ke sugestije<\/h2>\n                                            <p>Posebno pazimo na to da svojim marketin\u0161im sugestijama ne nagovorimo kupca da zapo\u010dne objekat van svojih finansijskih mogu\u0107nosti. Iskrenim pristupom, koji podrazumeva detaljno specificiranu ponudu i mno\u0161tvo saveta i prilago\u0111avanja pre pronala\u017eenja pravog re\u0161enja, investitora navodimo na re\u0161enje koje \u0107e u potpunosti zadovoljiti funkcionalne i estetske kriterijume u okviru raspolo\u017eivih finansijskih sredstava.<\/p>\n<p>Nije ono \u0161to je skupo najbolje, ali ono \u0161to je veoma jeftino, sigurno nije dobro. Prona\u0107i pravu meru nije lako. Dozvolite nam da strpljivo i pa\u017eljivo pripremimo i sagradimo funkcionalan i trajan objekat za Vas, da postanemo Va\u0161i poslovni partneri, da pratimo Va\u0161 razvoj i svojim funcionalnim re\u0161enjima u\u010destvujemo u Va\u0161em usponu dugi niz godina.<\/p>\n                                                <\/div>\n            [\/vc_column]<\/div><\/div><div  class=\"fullwidth\" ><div class=\"vc_row wpb_row vc_row-fluid\">[vc_column width=&#187;1\/1&#8243;][vc_empty_space height=&#187;50px&#187;][\/vc_column]<\/div><\/div><div  class=\"fullwidth\" ><div class=\"vc_row wpb_row vc_row-fluid margin-bottom-85 vc_custom_1433589269651\">[vc_column width=&#187;1\/1&#8243;]<div  class=\"container\" ><div class=\"vc_row wpb_row vc_inner vc_row-fluid margin-top-60 margin-bottom-70\">[vc_column_inner width=&#187;1\/1&#8243;]            <div class=\"innovation-heading style1 \" >\n                                     <h2>Slike biroa<\/h2>\n                            <\/div>\n            [vc_gallery type=&#187;image_grid&#187; interval=&#187;3&#8243; images=&#187;558,559,560,561,563,555,557&#8243; onclick=&#187;link_image&#187; custom_links_target=&#187;_self&#187;][\/vc_column_inner]<\/div><\/div>[\/vc_column]<\/div><\/div><div  class=\"container\" ><div class=\"vc_row wpb_row vc_row-fluid vc_custom_1445548708246\">[vc_column width=&#187;1\/1&#8243;]            <div class=\"innovation-heading style2 \" >\n                                    <h2>Pogledajte na\u0161u prezentaciju<\/h2>\n                                                <\/div>\n            <div  class=\"fullwidth\" ><div class=\"vc_row wpb_row vc_inner vc_row-fluid\">[vc_column_inner el_class=&#187;&#187; width=&#187;1\/3&#8243;]<br \/>\n[\/vc_column_inner][vc_column_inner el_class=&#187;&#187; width=&#187;1\/3&#8243;][vc_video link=&#187;https:\/\/www.youtube.com\/user\/Argusmodular&#187;][\/vc_column_inner][vc_column_inner el_class=&#187;&#187; width=&#187;1\/3&#8243;]<br \/>\n[\/vc_column_inner]<\/div><\/div>[\/vc_column]<\/div><\/div><div  class=\"fullwidth\" ><div class=\"vc_row wpb_row vc_row-fluid margin-bottom-85 vc_custom_1433589269651\">[vc_column width=&#187;1\/1&#8243;]<div  class=\"container\" ><div class=\"vc_row wpb_row vc_inner vc_row-fluid margin-top-60 margin-bottom-70\">[vc_column_inner el_class=&#187;&#187; width=&#187;1\/1&#8243;]            <div class=\"innovation-heading style1 \" >\n                                     <h2>Slike proizvodnje<\/h2>\n                            <\/div>\n            [vc_gallery type=&#187;image_grid&#187; interval=&#187;3&#8243; images=&#187;558,559,560,561,563,555,557&#8243; onclick=&#187;link_image&#187; custom_links_target=&#187;_self&#187;][\/vc_column_inner]<\/div><\/div>[\/vc_column]<\/div><\/div>\n<\/div>","protected":false},"excerpt":{"rendered":"[vc_column width=\"5\/12\" el_class=\"sm-margin-bottom-50\"][vc_single_image image=\"77\" alignment=\"center\" border_color=\"grey\" img_link_large=\"\" img_link_target=\"_self\" img_size=\"full\"][\/vc_column][vc_column width=\"7\/12\"] Argus in\u017eenjering d.o.o. je gra\u0111evinsko preduze\u0107e za izradu i monta\u017eu \u010deli\u010dnih hala za industrijske objekte, skladi\u0161ta, sportske dvorane i sli\u010dne objekte. Za potrebe industrije proizvodimo platforme, mostove za cevovode i nose\u0107e konstrukcije ma\u0161ina, transportnih sistema i skladi\u0161nih sistema. Poslujemo od 2002. godine sa 15 do [...]","protected":false},"author":3,"featured_media":0,"parent":0,"menu_order":0,"comment_status":"closed","ping_status":"closed","template":"","meta":{"footnotes":""},"class_list":["post-3854","page","type-page","status-publish","hentry"],"_links":{"self":[{"href":"https:\/\/www.argus-eng.co.rs\/ru\/wp-json\/wp\/v2\/pages\/3854","targetHints":{"allow":["GET"]}}],"collection":[{"href":"https:\/\/www.argus-eng.co.rs\/ru\/wp-json\/wp\/v2\/pages"}],"about":[{"href":"https:\/\/www.argus-eng.co.rs\/ru\/wp-json\/wp\/v2\/types\/page"}],"author":[{"embeddable":true,"href":"https:\/\/www.argus-eng.co.rs\/ru\/wp-json\/wp\/v2\/users\/3"}],"replies":[{"embeddable":true,"href":"https:\/\/www.argus-eng.co.rs\/ru\/wp-json\/wp\/v2\/comments?post=3854"}],"version-history":[{"count":0,"href":"https:\/\/www.argus-eng.co.rs\/ru\/wp-json\/wp\/v2\/pages\/3854\/revisions"}],"wp:attachment":[{"href":"https:\/\/www.argus-eng.co.rs\/ru\/wp-json\/wp\/v2\/media?parent=3854"}],"curies":[{"name":"wp","href":"https:\/\/api.w.org\/{rel}","templated":true}]}}