{"id":3858,"date":"2015-10-21T13:00:39","date_gmt":"2015-10-21T13:00:39","guid":{"rendered":"http:\/\/www.argus-eng.co.rs\/ru\/proizvodi\/"},"modified":"2015-10-21T13:00:39","modified_gmt":"2015-10-21T13:00:39","slug":"proizvodi","status":"publish","type":"page","link":"https:\/\/www.argus-eng.co.rs\/ru\/proizvodi\/","title":{"rendered":"Proizvodi"},"content":{"rendered":"<div class=\"wpb-content-wrapper\"><div  class=\"fullwidth\" ><div class=\"vc_row wpb_row vc_row-fluid\">[vc_column width=&#187;1\/4&#8243;][vc_single_image image=&#187;2522&#8243; border_color=&#187;grey&#187; img_link_large=&#187;&#187; img_link_target=&#187;_self&#187; title=&#187;Monta\u017ene hale i konstrukcije&#187; img_size=&#187;full&#187; el_class=&#187;argus-reference-main-heading&#187; link=&#187;http:\/\/www.argus-eng.co.rs\/proizvodi\/montazne-hale-i-konstrukcije\/&#187;][vc_column_text el_class=&#187;argus-reference-main-paragraph&#187;]<\/p>\n<p><span class=\"naslovi\">Poslednjih decenija kod nas se de\u0161avaju promene u sistemu gradnje, koje su \u00a0 izra\u017eene u gradnji poslovnih objekata, gde je sistem monta\u017ene gradnje sve prisutniji<\/span><\/p>\n<p>[\/vc_column_text][\/vc_column][vc_column width=&#187;1\/4&#8243;][vc_single_image image=&#187;2524&#8243; border_color=&#187;grey&#187; img_link_large=&#187;&#187; img_link_target=&#187;_self&#187; title=&#187;Stambeni moduli, kontejneri&#187; img_size=&#187;full&#187; el_class=&#187;argus-reference-main-heading&#187; link=&#187;http:\/\/www.argus-eng.co.rs\/proizvodi\/stambeni-moduli-kontejneri\/&#187;][vc_column_text el_class=&#187;argus-reference-main-paragraph&#187;]<\/p>\n<p>Najjeftiniji i najbr\u017ei na\u010din da formirate poslovni prostor na otvorenom ili u sklopu neke postoje\u0107e hale je upravo preko kontejnerskih modula<\/p>\n<p>[\/vc_column_text][\/vc_column][vc_column width=&#187;1\/4&#8243;][vc_single_image image=&#187;2527&#8243; border_color=&#187;grey&#187; img_link_large=&#187;&#187; img_link_target=&#187;_self&#187; title=&#187;Mini objekti&#187; img_size=&#187;full&#187; el_class=&#187;argus-reference-main-heading&#187; link=&#187;http:\/\/www.argus-eng.co.rs\/proizvodi\/mini-objekti\/&#187;][vc_column_text el_class=&#187;argus-reference-main-paragraph&#187;]<\/p>\n<p>Portirnice, kiosci i vagarske ku\u0107ice su mali objekti ispod 10m2 sa prijatan i elegantan izgled sa velikom koli\u010dinom svetla u prostoriji<\/p>\n<p>[\/vc_column_text][\/vc_column][vc_column width=&#187;1\/4&#8243;][vc_single_image image=&#187;3124&#8243; border_color=&#187;grey&#187; img_link_large=&#187;&#187; img_link_target=&#187;_self&#187; title=&#187;Stolarija&#187; img_size=&#187;full&#187; el_class=&#187;argus-reference-main-heading&#187; link=&#187;http:\/\/www.argus-eng.co.rs\/proizvodi\/stolarija-2\/&#187;][vc_column_text el_class=&#187;argus-reference-main-paragraph&#187;]<\/p>\n<p>Sa izborom najboljih proizvo\u0111a\u010da na polju materijala za stolariju, nije bilo te\u0161ko napraviti kvalitetne prozore i vrata<\/p>\n<p>[\/vc_column_text][\/vc_column]<\/div><\/div>\n<\/div>","protected":false},"excerpt":{"rendered":"[vc_column width=\"1\/4\"][vc_single_image image=\"2522\" border_color=\"grey\" img_link_large=\"\" img_link_target=\"_self\" title=\"Monta\u017ene hale i konstrukcije\" img_size=\"full\" el_class=\"argus-reference-main-heading\" link=\"http:\/\/www.argus-eng.co.rs\/proizvodi\/montazne-hale-i-konstrukcije\/\"][vc_column_text el_class=\"argus-reference-main-paragraph\"] Poslednjih decenija kod nas se de\u0161avaju promene u sistemu gradnje, koje su \u00a0 izra\u017eene u gradnji poslovnih objekata, gde je sistem monta\u017ene gradnje sve prisutniji [\/vc_column_text][\/vc_column][vc_column width=\"1\/4\"][vc_single_image image=\"2524\" border_color=\"grey\" img_link_large=\"\" img_link_target=\"_self\" title=\"Stambeni moduli, kontejneri\" img_size=\"full\" el_class=\"argus-reference-main-heading\" link=\"http:\/\/www.argus-eng.co.rs\/proizvodi\/stambeni-moduli-kontejneri\/\"][vc_column_text el_class=\"argus-reference-main-paragraph\"] Najjeftiniji i najbr\u017ei [...]","protected":false},"author":3,"featured_media":0,"parent":0,"menu_order":0,"comment_status":"closed","ping_status":"closed","template":"","meta":{"footnotes":""},"class_list":["post-3858","page","type-page","status-publish","hentry"],"_links":{"self":[{"href":"https:\/\/www.argus-eng.co.rs\/ru\/wp-json\/wp\/v2\/pages\/3858","targetHints":{"allow":["GET"]}}],"collection":[{"href":"https:\/\/www.argus-eng.co.rs\/ru\/wp-json\/wp\/v2\/pages"}],"about":[{"href":"https:\/\/www.argus-eng.co.rs\/ru\/wp-json\/wp\/v2\/types\/page"}],"author":[{"embeddable":true,"href":"https:\/\/www.argus-eng.co.rs\/ru\/wp-json\/wp\/v2\/users\/3"}],"replies":[{"embeddable":true,"href":"https:\/\/www.argus-eng.co.rs\/ru\/wp-json\/wp\/v2\/comments?post=3858"}],"version-history":[{"count":0,"href":"https:\/\/www.argus-eng.co.rs\/ru\/wp-json\/wp\/v2\/pages\/3858\/revisions"}],"wp:attachment":[{"href":"https:\/\/www.argus-eng.co.rs\/ru\/wp-json\/wp\/v2\/media?parent=3858"}],"curies":[{"name":"wp","href":"https:\/\/api.w.org\/{rel}","templated":true}]}}