{"id":3866,"date":"2015-10-23T02:15:45","date_gmt":"2015-10-23T02:15:45","guid":{"rendered":"http:\/\/www.argus-eng.co.rs\/ru\/sertifikati\/"},"modified":"2015-10-23T02:15:45","modified_gmt":"2015-10-23T02:15:45","slug":"sertifikati","status":"publish","type":"page","link":"https:\/\/www.argus-eng.co.rs\/ru\/sertifikati\/","title":{"rendered":"Sertifikati"},"content":{"rendered":"<div class=\"wpb-content-wrapper\"><div  class=\"container\" ><div class=\"vc_row wpb_row vc_row-fluid\">[vc_column width=&#187;1\/4&#8243;][vc_single_image image=&#187;3495&#8243; border_color=&#187;grey&#187; img_link_large=&#187;&#187; img_link_target=&#187;_self&#187; img_size=&#187;medium&#187; alignment=&#187;center&#187;][vc_column_text]SERTIFIKAT Broj Sertifikata 57050. Ovim se potvr\u0111uje sistem menad\u017ementa kvalitetom za: Argus ln\u017eenjering D.O.O. Za Proizvodnju, Trgovinu i Usluge<\/p>\n<p><a href=\"http:\/\/www.argus-eng.co.rs\/wp-content\/uploads\/2015\/10\/ISO-9001-2015-2016.pdf\" target=\"_blank\">Preuzimanje<\/a>[\/vc_column_text][\/vc_column][vc_column width=&#187;1\/4&#8243;][vc_column_text]<br \/>\n[\/vc_column_text][\/vc_column][vc_column width=&#187;1\/4&#8243;][vc_column_text]<br \/>\n[\/vc_column_text][\/vc_column]<\/div><\/div>\n<\/div>","protected":false},"excerpt":{"rendered":"[vc_column width=\"1\/4\"][vc_single_image image=\"3495\" border_color=\"grey\" img_link_large=\"\" img_link_target=\"_self\" img_size=\"medium\" alignment=\"center\"][vc_column_text]SERTIFIKAT Broj Sertifikata 57050. Ovim se potvr\u0111uje sistem menad\u017ementa kvalitetom za: Argus ln\u017eenjering D.O.O. Za Proizvodnju, Trgovinu i Usluge Preuzimanje[\/vc_column_text][\/vc_column][vc_column width=\"1\/4\"][vc_column_text] [\/vc_column_text][\/vc_column][vc_column width=\"1\/4\"][vc_column_text] [\/vc_column_text][\/vc_column]","protected":false},"author":3,"featured_media":0,"parent":0,"menu_order":0,"comment_status":"closed","ping_status":"closed","template":"","meta":{"footnotes":""},"class_list":["post-3866","page","type-page","status-publish","hentry"],"_links":{"self":[{"href":"https:\/\/www.argus-eng.co.rs\/ru\/wp-json\/wp\/v2\/pages\/3866","targetHints":{"allow":["GET"]}}],"collection":[{"href":"https:\/\/www.argus-eng.co.rs\/ru\/wp-json\/wp\/v2\/pages"}],"about":[{"href":"https:\/\/www.argus-eng.co.rs\/ru\/wp-json\/wp\/v2\/types\/page"}],"author":[{"embeddable":true,"href":"https:\/\/www.argus-eng.co.rs\/ru\/wp-json\/wp\/v2\/users\/3"}],"replies":[{"embeddable":true,"href":"https:\/\/www.argus-eng.co.rs\/ru\/wp-json\/wp\/v2\/comments?post=3866"}],"version-history":[{"count":0,"href":"https:\/\/www.argus-eng.co.rs\/ru\/wp-json\/wp\/v2\/pages\/3866\/revisions"}],"wp:attachment":[{"href":"https:\/\/www.argus-eng.co.rs\/ru\/wp-json\/wp\/v2\/media?parent=3866"}],"curies":[{"name":"wp","href":"https:\/\/api.w.org\/{rel}","templated":true}]}}